{"id":955,"date":"2024-11-19T15:53:58","date_gmt":"2024-11-19T15:53:58","guid":{"rendered":"https:\/\/www.victor-veliz.com\/?page_id=955"},"modified":"2024-12-02T14:59:05","modified_gmt":"2024-12-02T17:59:05","slug":"hegemony-shadows-of-power","status":"publish","type":"page","link":"https:\/\/www.victor-veliz.com\/es\/hegemony-shadows-of-power\/","title":{"rendered":"Hegemon\u00eda: Sombras del Poder"},"content":{"rendered":"<div data-elementor-type=\"wp-page\" data-elementor-id=\"955\" class=\"elementor elementor-955\">\n\t\t\t\t<div class=\"elementor-element elementor-element-6efb782 e-flex e-con-boxed lakit-col-width-auto-no e-container e-root-container elementor-top-section e-con e-parent\" data-id=\"6efb782\" data-element_type=\"container\" data-e-type=\"container\" data-settings=\"{&quot;background_background&quot;:&quot;classic&quot;}\">\n\t\t\t\t\t<div class=\"e-con-inner\">\n\t\t\t\t<div class=\"elementor-element elementor-element-48873e2 elementor-widget elementor-widget-heading\" data-id=\"48873e2\" data-element_type=\"widget\" data-e-type=\"widget\" data-widget_type=\"heading.default\">\n\t\t\t\t<div class=\"elementor-widget-container\">\n\t\t\t\t\t<h2 class=\"elementor-heading-title elementor-size-default\">Hegemon\u00eda, Sombras del Poder<\/h2>\t\t\t\t<\/div>\n\t\t\t\t<\/div>\n\t\t\t\t<div class=\"elementor-element elementor-element-2813dd9 elementor-widget elementor-widget-text-editor\" data-id=\"2813dd9\" data-element_type=\"widget\" data-e-type=\"widget\" data-widget_type=\"text-editor.default\">\n\t\t\t\t<div class=\"elementor-widget-container\">\n\t\t\t\t\t\t\t\t\t<p>Juego de mesa original de enga\u00f1os, negociaciones y cambio de alianzas.<\/p>\t\t\t\t\t\t\t\t<\/div>\n\t\t\t\t<\/div>\n\t\t\t\t\t<\/div>\n\t\t\t\t<\/div>\n\t\t<div class=\"elementor-element elementor-element-9199e30 e-flex e-con-boxed lakit-col-width-auto-no e-container e-root-container elementor-top-section e-con e-parent\" data-id=\"9199e30\" data-element_type=\"container\" data-e-type=\"container\" data-settings=\"{&quot;background_background&quot;:&quot;classic&quot;}\">\n\t\t\t\t\t<div class=\"e-con-inner\">\n\t\t\t\t<div class=\"elementor-element elementor-element-fda977d elementor-widget elementor-widget-image\" data-id=\"fda977d\" data-element_type=\"widget\" data-e-type=\"widget\" data-widget_type=\"image.default\">\n\t\t\t\t<div class=\"elementor-widget-container\">\n\t\t\t\t\t\t\t\t\t\t\t\t\t\t\t<img fetchpriority=\"high\" decoding=\"async\" width=\"1920\" height=\"1080\" src=\"https:\/\/www.victor-veliz.com\/wp-content\/uploads\/2024\/11\/hegemonia-3.jpg\" class=\"attachment-full size-full wp-image-961\" alt=\"\" srcset=\"https:\/\/www.victor-veliz.com\/wp-content\/uploads\/2024\/11\/hegemonia-3.jpg 1920w, https:\/\/www.victor-veliz.com\/wp-content\/uploads\/2024\/11\/hegemonia-3-300x169.jpg 300w, https:\/\/www.victor-veliz.com\/wp-content\/uploads\/2024\/11\/hegemonia-3-1024x576.jpg 1024w, https:\/\/www.victor-veliz.com\/wp-content\/uploads\/2024\/11\/hegemonia-3-768x432.jpg 768w, https:\/\/www.victor-veliz.com\/wp-content\/uploads\/2024\/11\/hegemonia-3-1536x864.jpg 1536w, https:\/\/www.victor-veliz.com\/wp-content\/uploads\/2024\/11\/hegemonia-3-500x281.jpg 500w, https:\/\/www.victor-veliz.com\/wp-content\/uploads\/2024\/11\/hegemonia-3-800x450.jpg 800w, https:\/\/www.victor-veliz.com\/wp-content\/uploads\/2024\/11\/hegemonia-3-1280x720.jpg 1280w\" sizes=\"(max-width: 1920px) 100vw, 1920px\" \/>\t\t\t\t\t\t\t\t\t\t\t\t\t\t\t<\/div>\n\t\t\t\t<\/div>\n\t\t\t\t\t<\/div>\n\t\t\t\t<\/div>\n\t\t<div class=\"elementor-element elementor-element-b4fe321 e-flex e-con-boxed lakit-col-width-auto-no e-container e-root-container elementor-top-section e-con e-parent\" data-id=\"b4fe321\" data-element_type=\"container\" data-e-type=\"container\">\n\t\t\t\t\t<div class=\"e-con-inner\">\n\t\t<div class=\"elementor-element elementor-element-8fc829b e-con-full e-flex lakit-col-width-auto-no e-container e-con e-child\" data-id=\"8fc829b\" data-element_type=\"container\" data-e-type=\"container\">\n\t\t\t\t<div class=\"elementor-element elementor-element-7626322 elementor-widget elementor-widget-text-editor\" data-id=\"7626322\" data-element_type=\"widget\" data-e-type=\"widget\" data-settings=\"{&quot;sticky&quot;:&quot;top&quot;,&quot;sticky_offset&quot;:150,&quot;sticky_on&quot;:[&quot;desktop&quot;,&quot;tablet&quot;],&quot;sticky_effects_offset&quot;:0}\" data-widget_type=\"text-editor.default\">\n\t\t\t\t<div class=\"elementor-widget-container\">\n\t\t\t\t\t\t\t\t\t<p><span style=\"color: #666666;\"><strong>A\u00f1o:<\/strong> 2017<\/span><\/p><p><span style=\"color: #666666;\"><strong>Cliente:<\/strong> <span style=\"color: #8493bd;\"><a style=\"color: #8493bd;\" href=\"https:\/\/www.nieblagames.com\/\" target=\"_blank\" rel=\"noopener\">Niebla Games<\/a><\/span><\/span><\/p><p><span style=\"color: #666666;\"><strong>Plataforma:<\/strong> Juego de mesa f\u00edsico<\/span><\/p><p><span style=\"color: #666666;\"><strong>Tareas:<\/strong> Dise\u00f1ador, Tester<\/span><\/p><p><span style=\"color: #333333;\"><span style=\"color: #8493bd;\"><span style=\"color: #666666;\"><strong>Categor\u00eda: <\/strong>Juegos<\/span><\/span><\/span><\/p>\t\t\t\t\t\t\t\t<\/div>\n\t\t\t\t<\/div>\n\t\t\t\t<\/div>\n\t\t<div class=\"elementor-element elementor-element-0d62731 e-con-full e-flex lakit-col-width-auto-no e-container e-con e-child\" data-id=\"0d62731\" data-element_type=\"container\" data-e-type=\"container\">\n\t\t\t\t<div class=\"elementor-element elementor-element-dc424dd elementor-widget elementor-widget-heading\" data-id=\"dc424dd\" data-element_type=\"widget\" data-e-type=\"widget\" data-widget_type=\"heading.default\">\n\t\t\t\t<div class=\"elementor-widget-container\">\n\t\t\t\t\t<h2 class=\"elementor-heading-title elementor-size-default\">Hegemon\u00eda, Sombras del Poder<\/h2>\t\t\t\t<\/div>\n\t\t\t\t<\/div>\n\t\t\t\t<div class=\"elementor-element elementor-element-9b50bce elementor-widget elementor-widget-text-editor\" data-id=\"9b50bce\" data-element_type=\"widget\" data-e-type=\"widget\" data-widget_type=\"text-editor.default\">\n\t\t\t\t<div class=\"elementor-widget-container\">\n\t\t\t\t\t\t\t\t\t<p>Este es un juego de mesa en el que trabaj\u00e9 como dise\u00f1ador. Fui responsable de crear el dise\u00f1o de las cartas, las fichas y varios componentes del juego, adem\u00e1s de contribuir al dise\u00f1o general del juego y a las pruebas de juego. Nota: No cre\u00e9 las ilustraciones, sino que me concentr\u00e9 en el dise\u00f1o visual y la funcionalidad de las piezas del juego. El juego combina enga\u00f1os, negociaciones y cambios de alianzas a medida que los jugadores luchan para convertirse en el nuevo regente del Imperio.<\/p>\t\t\t\t\t\t\t\t<\/div>\n\t\t\t\t<\/div>\n\t\t\t\t<div class=\"elementor-element elementor-element-b1a7662 gallery-spacing-custom elementor-widget elementor-widget-image-gallery\" data-id=\"b1a7662\" data-element_type=\"widget\" data-e-type=\"widget\" data-widget_type=\"image-gallery.default\">\n\t\t\t\t<div class=\"elementor-widget-container\">\n\t\t\t\t\t\t\t<div class=\"elementor-image-gallery\">\n\t\t\t<div id='gallery-1' class='gallery galleryid-955 gallery-columns-1 gallery-size-full'><figure class='gallery-item'>\n\t\t\t<div class='gallery-icon landscape'>\n\t\t\t\t<a data-elementor-open-lightbox=\"yes\" data-elementor-lightbox-slideshow=\"b1a7662\" data-e-action-hash=\"#elementor-action%3Aaction%3Dlightbox%26settings%3DeyJpZCI6OTYzLCJ1cmwiOiJodHRwczpcL1wvd3d3LnZpY3Rvci12ZWxpei5jb21cL3dwLWNvbnRlbnRcL3VwbG9hZHNcLzIwMjRcLzExXC9oZWdlbW9uaWEtMDIuanBnIiwic2xpZGVzaG93IjoiYjFhNzY2MiJ9\" href='https:\/\/www.victor-veliz.com\/wp-content\/uploads\/2024\/11\/hegemonia-02.jpg'><img decoding=\"async\" width=\"1920\" height=\"1080\" src=\"https:\/\/www.victor-veliz.com\/wp-content\/uploads\/2024\/11\/hegemonia-02.jpg\" class=\"attachment-full size-full\" alt=\"\" srcset=\"https:\/\/www.victor-veliz.com\/wp-content\/uploads\/2024\/11\/hegemonia-02.jpg 1920w, https:\/\/www.victor-veliz.com\/wp-content\/uploads\/2024\/11\/hegemonia-02-300x169.jpg 300w, https:\/\/www.victor-veliz.com\/wp-content\/uploads\/2024\/11\/hegemonia-02-1024x576.jpg 1024w, https:\/\/www.victor-veliz.com\/wp-content\/uploads\/2024\/11\/hegemonia-02-768x432.jpg 768w, https:\/\/www.victor-veliz.com\/wp-content\/uploads\/2024\/11\/hegemonia-02-1536x864.jpg 1536w, https:\/\/www.victor-veliz.com\/wp-content\/uploads\/2024\/11\/hegemonia-02-500x281.jpg 500w, https:\/\/www.victor-veliz.com\/wp-content\/uploads\/2024\/11\/hegemonia-02-800x450.jpg 800w, https:\/\/www.victor-veliz.com\/wp-content\/uploads\/2024\/11\/hegemonia-02-1280x720.jpg 1280w\" sizes=\"(max-width: 1920px) 100vw, 1920px\" \/><\/a>\n\t\t\t<\/div><\/figure><figure class='gallery-item'>\n\t\t\t<div class='gallery-icon landscape'>\n\t\t\t\t<a data-elementor-open-lightbox=\"yes\" data-elementor-lightbox-slideshow=\"b1a7662\" data-e-action-hash=\"#elementor-action%3Aaction%3Dlightbox%26settings%3DeyJpZCI6OTYyLCJ1cmwiOiJodHRwczpcL1wvd3d3LnZpY3Rvci12ZWxpei5jb21cL3dwLWNvbnRlbnRcL3VwbG9hZHNcLzIwMjRcLzExXC9oZWdlbW9uaWEtMDEuanBnIiwic2xpZGVzaG93IjoiYjFhNzY2MiJ9\" href='https:\/\/www.victor-veliz.com\/wp-content\/uploads\/2024\/11\/hegemonia-01.jpg'><img decoding=\"async\" width=\"1920\" height=\"1080\" src=\"https:\/\/www.victor-veliz.com\/wp-content\/uploads\/2024\/11\/hegemonia-01.jpg\" class=\"attachment-full size-full\" alt=\"\" srcset=\"https:\/\/www.victor-veliz.com\/wp-content\/uploads\/2024\/11\/hegemonia-01.jpg 1920w, https:\/\/www.victor-veliz.com\/wp-content\/uploads\/2024\/11\/hegemonia-01-300x169.jpg 300w, https:\/\/www.victor-veliz.com\/wp-content\/uploads\/2024\/11\/hegemonia-01-1024x576.jpg 1024w, https:\/\/www.victor-veliz.com\/wp-content\/uploads\/2024\/11\/hegemonia-01-768x432.jpg 768w, https:\/\/www.victor-veliz.com\/wp-content\/uploads\/2024\/11\/hegemonia-01-1536x864.jpg 1536w, https:\/\/www.victor-veliz.com\/wp-content\/uploads\/2024\/11\/hegemonia-01-500x281.jpg 500w, https:\/\/www.victor-veliz.com\/wp-content\/uploads\/2024\/11\/hegemonia-01-800x450.jpg 800w, https:\/\/www.victor-veliz.com\/wp-content\/uploads\/2024\/11\/hegemonia-01-1280x720.jpg 1280w\" sizes=\"(max-width: 1920px) 100vw, 1920px\" \/><\/a>\n\t\t\t<\/div><\/figure><figure class='gallery-item'>\n\t\t\t<div class='gallery-icon landscape'>\n\t\t\t\t<a data-elementor-open-lightbox=\"yes\" data-elementor-lightbox-slideshow=\"b1a7662\" data-e-action-hash=\"#elementor-action%3Aaction%3Dlightbox%26settings%3DeyJpZCI6OTY5LCJ1cmwiOiJodHRwczpcL1wvd3d3LnZpY3Rvci12ZWxpei5jb21cL3dwLWNvbnRlbnRcL3VwbG9hZHNcLzIwMjRcLzExXC9oZWdlbW9uaWEtMDQuanBnIiwic2xpZGVzaG93IjoiYjFhNzY2MiJ9\" href='https:\/\/www.victor-veliz.com\/wp-content\/uploads\/2024\/11\/hegemonia-04.jpg'><img loading=\"lazy\" decoding=\"async\" width=\"1920\" height=\"1080\" src=\"https:\/\/www.victor-veliz.com\/wp-content\/uploads\/2024\/11\/hegemonia-04.jpg\" class=\"attachment-full size-full\" alt=\"\" srcset=\"https:\/\/www.victor-veliz.com\/wp-content\/uploads\/2024\/11\/hegemonia-04.jpg 1920w, https:\/\/www.victor-veliz.com\/wp-content\/uploads\/2024\/11\/hegemonia-04-300x169.jpg 300w, https:\/\/www.victor-veliz.com\/wp-content\/uploads\/2024\/11\/hegemonia-04-1024x576.jpg 1024w, https:\/\/www.victor-veliz.com\/wp-content\/uploads\/2024\/11\/hegemonia-04-768x432.jpg 768w, https:\/\/www.victor-veliz.com\/wp-content\/uploads\/2024\/11\/hegemonia-04-1536x864.jpg 1536w, https:\/\/www.victor-veliz.com\/wp-content\/uploads\/2024\/11\/hegemonia-04-500x281.jpg 500w, https:\/\/www.victor-veliz.com\/wp-content\/uploads\/2024\/11\/hegemonia-04-800x450.jpg 800w, https:\/\/www.victor-veliz.com\/wp-content\/uploads\/2024\/11\/hegemonia-04-1280x720.jpg 1280w\" sizes=\"(max-width: 1920px) 100vw, 1920px\" \/><\/a>\n\t\t\t<\/div><\/figure><figure class='gallery-item'>\n\t\t\t<div class='gallery-icon portrait'>\n\t\t\t\t<a data-elementor-open-lightbox=\"yes\" data-elementor-lightbox-slideshow=\"b1a7662\" data-e-action-hash=\"#elementor-action%3Aaction%3Dlightbox%26settings%3DeyJpZCI6OTY0LCJ1cmwiOiJodHRwczpcL1wvd3d3LnZpY3Rvci12ZWxpei5jb21cL3dwLWNvbnRlbnRcL3VwbG9hZHNcLzIwMjRcLzExXC9wYWctaW50ZXJpb3ItdjAxLWxpZ2h0LmpwZyIsInNsaWRlc2hvdyI6ImIxYTc2NjIifQ%3D%3D\" href='https:\/\/www.victor-veliz.com\/wp-content\/uploads\/2024\/11\/pag-interior-v01-light.jpg'><img loading=\"lazy\" decoding=\"async\" width=\"945\" height=\"1412\" src=\"https:\/\/www.victor-veliz.com\/wp-content\/uploads\/2024\/11\/pag-interior-v01-light.jpg\" class=\"attachment-full size-full\" alt=\"\" srcset=\"https:\/\/www.victor-veliz.com\/wp-content\/uploads\/2024\/11\/pag-interior-v01-light.jpg 945w, https:\/\/www.victor-veliz.com\/wp-content\/uploads\/2024\/11\/pag-interior-v01-light-201x300.jpg 201w, https:\/\/www.victor-veliz.com\/wp-content\/uploads\/2024\/11\/pag-interior-v01-light-685x1024.jpg 685w, https:\/\/www.victor-veliz.com\/wp-content\/uploads\/2024\/11\/pag-interior-v01-light-768x1148.jpg 768w, https:\/\/www.victor-veliz.com\/wp-content\/uploads\/2024\/11\/pag-interior-v01-light-500x747.jpg 500w, https:\/\/www.victor-veliz.com\/wp-content\/uploads\/2024\/11\/pag-interior-v01-light-800x1195.jpg 800w\" sizes=\"(max-width: 945px) 100vw, 945px\" \/><\/a>\n\t\t\t<\/div><\/figure><figure class='gallery-item'>\n\t\t\t<div class='gallery-icon landscape'>\n\t\t\t\t<a data-elementor-open-lightbox=\"yes\" data-elementor-lightbox-slideshow=\"b1a7662\" data-e-action-hash=\"#elementor-action%3Aaction%3Dlightbox%26settings%3DeyJpZCI6OTY1LCJ1cmwiOiJodHRwczpcL1wvd3d3LnZpY3Rvci12ZWxpei5jb21cL3dwLWNvbnRlbnRcL3VwbG9hZHNcLzIwMjRcLzExXC8yMDE3LTEyLTE0XzE4LTQ5LTU2LmpwZyIsInNsaWRlc2hvdyI6ImIxYTc2NjIifQ%3D%3D\" href='https:\/\/www.victor-veliz.com\/wp-content\/uploads\/2024\/11\/2017-12-14_18-49-56.jpg'><img loading=\"lazy\" decoding=\"async\" width=\"1366\" height=\"768\" src=\"https:\/\/www.victor-veliz.com\/wp-content\/uploads\/2024\/11\/2017-12-14_18-49-56.jpg\" class=\"attachment-full size-full\" alt=\"\" srcset=\"https:\/\/www.victor-veliz.com\/wp-content\/uploads\/2024\/11\/2017-12-14_18-49-56.jpg 1366w, https:\/\/www.victor-veliz.com\/wp-content\/uploads\/2024\/11\/2017-12-14_18-49-56-300x169.jpg 300w, https:\/\/www.victor-veliz.com\/wp-content\/uploads\/2024\/11\/2017-12-14_18-49-56-1024x576.jpg 1024w, https:\/\/www.victor-veliz.com\/wp-content\/uploads\/2024\/11\/2017-12-14_18-49-56-768x432.jpg 768w, https:\/\/www.victor-veliz.com\/wp-content\/uploads\/2024\/11\/2017-12-14_18-49-56-500x281.jpg 500w, https:\/\/www.victor-veliz.com\/wp-content\/uploads\/2024\/11\/2017-12-14_18-49-56-800x450.jpg 800w, https:\/\/www.victor-veliz.com\/wp-content\/uploads\/2024\/11\/2017-12-14_18-49-56-1280x720.jpg 1280w\" sizes=\"(max-width: 1366px) 100vw, 1366px\" \/><\/a>\n\t\t\t<\/div><\/figure>\n\t\t<\/div>\n\t\t<\/div>\n\t\t\t\t\t\t<\/div>\n\t\t\t\t<\/div>\n\t\t<div class=\"elementor-element elementor-element-5d3df5b e-con-full e-flex lakit-col-width-auto-no e-container e-con e-child\" data-id=\"5d3df5b\" data-element_type=\"container\" data-e-type=\"container\">\n\t\t\t\t<div class=\"elementor-element elementor-element-2696fae elementor-widget elementor-widget-heading\" data-id=\"2696fae\" data-element_type=\"widget\" data-e-type=\"widget\" data-widget_type=\"heading.default\">\n\t\t\t\t<div class=\"elementor-widget-container\">\n\t\t\t\t\t<h2 class=\"elementor-heading-title elementor-size-default\">Explorar M\u00e1s<\/h2>\t\t\t\t<\/div>\n\t\t\t\t<\/div>\n\t\t\t\t<\/div>\n\t\t<div class=\"elementor-element elementor-element-aae7e0a e-con-full e-flex lakit-col-width-auto-no e-container e-con e-child\" data-id=\"aae7e0a\" data-element_type=\"container\" data-e-type=\"container\">\n\t\t\t\t<div class=\"elementor-element elementor-element-2202e7d elementor-grid-eael-col-3 elementor-grid-tablet-eael-col-2 elementor-grid-mobile-eael-col-1 elementor-widget elementor-widget-eael-post-grid\" data-id=\"2202e7d\" data-element_type=\"widget\" data-e-type=\"widget\" data-settings=\"{&quot;eael_post_grid_columns&quot;:&quot;eael-col-3&quot;,&quot;eael_post_grid_columns_tablet&quot;:&quot;eael-col-2&quot;,&quot;eael_post_grid_columns_mobile&quot;:&quot;eael-col-1&quot;}\" data-widget_type=\"eael-post-grid.default\">\n\t\t\t\t<div class=\"elementor-widget-container\">\n\t\t\t\t\t<div id=\"eael-post-grid-2202e7d\" class=\"eael-post-grid-container\">\n            <div class=\"eael-post-grid eael-post-appender eael-post-appender-2202e7d eael-post-grid-style-one\" data-layout-mode=\"grid\"><article class=\"eael-grid-post  eael-post-grid-column eael-pg-post-390\" data-id=\"390\">\n        <div class=\"eael-grid-post-holder\">\n            <div class=\"eael-grid-post-holder-inner\"><div class=\"eael-entry-media\"><div class=\"eael-entry-overlay fade-in\"><i class=\"\" aria-hidden=\"true\"><\/i><a href=\"https:\/\/www.victor-veliz.com\/es\/crossed-redemptions\/\"><\/a><\/div><div class=\"eael-entry-thumbnail\">\n                <img loading=\"lazy\" decoding=\"async\" width=\"1080\" height=\"1080\" src=\"https:\/\/www.victor-veliz.com\/wp-content\/uploads\/2024\/11\/Featured-Image-CR.jpg\" class=\"attachment-full size-full wp-image-391\" alt=\"\" srcset=\"https:\/\/www.victor-veliz.com\/wp-content\/uploads\/2024\/11\/Featured-Image-CR.jpg 1080w, https:\/\/www.victor-veliz.com\/wp-content\/uploads\/2024\/11\/Featured-Image-CR-300x300.jpg 300w, https:\/\/www.victor-veliz.com\/wp-content\/uploads\/2024\/11\/Featured-Image-CR-1024x1024.jpg 1024w, https:\/\/www.victor-veliz.com\/wp-content\/uploads\/2024\/11\/Featured-Image-CR-150x150.jpg 150w, https:\/\/www.victor-veliz.com\/wp-content\/uploads\/2024\/11\/Featured-Image-CR-768x768.jpg 768w, https:\/\/www.victor-veliz.com\/wp-content\/uploads\/2024\/11\/Featured-Image-CR-500x500.jpg 500w, https:\/\/www.victor-veliz.com\/wp-content\/uploads\/2024\/11\/Featured-Image-CR-800x800.jpg 800w\" sizes=\"(max-width: 1080px) 100vw, 1080px\" \/>\n            <\/div>\n        <\/div><div class=\"eael-entry-wrapper\"><header class=\"eael-entry-header\"><h2 class=\"eael-entry-title\"><a class=\"eael-grid-post-link\" href=\"https:\/\/www.victor-veliz.com\/es\/crossed-redemptions\/\" title=\"Crossed Redemptions\">Crossed Redemptions<\/a><\/h2><\/header><\/div><\/div>\n        <\/div>\n    <\/article><article class=\"eael-grid-post  eael-post-grid-column eael-pg-post-701\" data-id=\"701\">\n        <div class=\"eael-grid-post-holder\">\n            <div class=\"eael-grid-post-holder-inner\"><div class=\"eael-entry-media\"><div class=\"eael-entry-overlay fade-in\"><i class=\"\" aria-hidden=\"true\"><\/i><a href=\"https:\/\/www.victor-veliz.com\/es\/greatest-wish\/\"><\/a><\/div><div class=\"eael-entry-thumbnail\">\n                <img loading=\"lazy\" decoding=\"async\" width=\"1080\" height=\"1080\" src=\"https:\/\/www.victor-veliz.com\/wp-content\/uploads\/2024\/11\/wish-featured.jpg\" class=\"attachment-full size-full wp-image-702\" alt=\"\" srcset=\"https:\/\/www.victor-veliz.com\/wp-content\/uploads\/2024\/11\/wish-featured.jpg 1080w, https:\/\/www.victor-veliz.com\/wp-content\/uploads\/2024\/11\/wish-featured-300x300.jpg 300w, https:\/\/www.victor-veliz.com\/wp-content\/uploads\/2024\/11\/wish-featured-1024x1024.jpg 1024w, https:\/\/www.victor-veliz.com\/wp-content\/uploads\/2024\/11\/wish-featured-150x150.jpg 150w, https:\/\/www.victor-veliz.com\/wp-content\/uploads\/2024\/11\/wish-featured-768x768.jpg 768w, https:\/\/www.victor-veliz.com\/wp-content\/uploads\/2024\/11\/wish-featured-500x500.jpg 500w, https:\/\/www.victor-veliz.com\/wp-content\/uploads\/2024\/11\/wish-featured-800x800.jpg 800w\" sizes=\"(max-width: 1080px) 100vw, 1080px\" \/>\n            <\/div>\n        <\/div><div class=\"eael-entry-wrapper\"><header class=\"eael-entry-header\"><h2 class=\"eael-entry-title\"><a class=\"eael-grid-post-link\" href=\"https:\/\/www.victor-veliz.com\/es\/greatest-wish\/\" title=\"Greatest Wish\">Greatest Wish<\/a><\/h2><\/header><\/div><\/div>\n        <\/div>\n    <\/article><article class=\"eael-grid-post  eael-post-grid-column eael-pg-post-1646\" data-id=\"1646\">\n        <div class=\"eael-grid-post-holder\">\n            <div class=\"eael-grid-post-holder-inner\"><div class=\"eael-entry-media\"><div class=\"eael-entry-overlay fade-in\"><i class=\"\" aria-hidden=\"true\"><\/i><a href=\"https:\/\/www.victor-veliz.com\/es\/pixel-art\/\"><\/a><\/div><div class=\"eael-entry-thumbnail\">\n                <img loading=\"lazy\" decoding=\"async\" width=\"1080\" height=\"1080\" src=\"https:\/\/www.victor-veliz.com\/wp-content\/uploads\/2025\/03\/Pixel-Art-Featured.jpg\" class=\"attachment-full size-full wp-image-1647\" alt=\"\" srcset=\"https:\/\/www.victor-veliz.com\/wp-content\/uploads\/2025\/03\/Pixel-Art-Featured.jpg 1080w, https:\/\/www.victor-veliz.com\/wp-content\/uploads\/2025\/03\/Pixel-Art-Featured-300x300.jpg 300w, https:\/\/www.victor-veliz.com\/wp-content\/uploads\/2025\/03\/Pixel-Art-Featured-1024x1024.jpg 1024w, https:\/\/www.victor-veliz.com\/wp-content\/uploads\/2025\/03\/Pixel-Art-Featured-150x150.jpg 150w, https:\/\/www.victor-veliz.com\/wp-content\/uploads\/2025\/03\/Pixel-Art-Featured-768x768.jpg 768w, https:\/\/www.victor-veliz.com\/wp-content\/uploads\/2025\/03\/Pixel-Art-Featured-12x12.jpg 12w, https:\/\/www.victor-veliz.com\/wp-content\/uploads\/2025\/03\/Pixel-Art-Featured-500x500.jpg 500w, https:\/\/www.victor-veliz.com\/wp-content\/uploads\/2025\/03\/Pixel-Art-Featured-800x800.jpg 800w\" sizes=\"(max-width: 1080px) 100vw, 1080px\" \/>\n            <\/div>\n        <\/div><div class=\"eael-entry-wrapper\"><header class=\"eael-entry-header\"><h2 class=\"eael-entry-title\"><a class=\"eael-grid-post-link\" href=\"https:\/\/www.victor-veliz.com\/es\/pixel-art\/\" title=\"Pixel Art\">Pixel Art<\/a><\/h2><\/header><\/div><\/div>\n        <\/div>\n    <\/article><\/div>\n            <div class=\"clearfix\"><\/div>\n        <\/div>            <div class=\"eael-load-more-button-wrap eael-force-hide\">\n                <button class=\"eael-load-more-button\" id=\"eael-load-more-btn-2202e7d\" data-widget-id=\"2202e7d\" data-widget=\"2202e7d\" data-page-id=\"955\" data-template=\"{&quot;dir&quot;:&quot;lite&quot;,&quot;file_name&quot;:&quot;one.php&quot;,&quot;name&quot;:&quot;Post-Grid&quot;}\" data-class=\"Essential_Addons_Elementor\\Elements\\Post_Grid\" data-layout=\"grid\" data-page=\"1\" data-args=\"orderby=rand&amp;order=desc&amp;ignore_sticky_posts=1&amp;post_status=publish&amp;posts_per_page=3&amp;offset=0&amp;post_type=page&amp;post__not_in%5B0%5D=19&amp;post__not_in%5B1%5D=955\" data-max-page=\"10\">\n                    <span class=\"eael-btn-loader button__loader\"><\/span>\n                    <span class=\"eael_load_more_text\">Carga M\u00e1s<\/span>\n                <\/button>\n            <\/div>\n            \t\t\t\t<\/div>\n\t\t\t\t<\/div>\n\t\t\t\t<\/div>\n\t\t\t\t<\/div>\n\t\t\t\t\t<\/div>\n\t\t\t\t<\/div>\n\t\t\t\t<\/div>","protected":false},"excerpt":{"rendered":"<p>Hegemony, Shadows of Power Original tabletop game of bluffing, negotiations, and shifting alliances. Year: 2017 Client: Niebla Games Platform: Physical [&hellip;]<\/p>","protected":false},"author":1,"featured_media":956,"parent":0,"menu_order":0,"comment_status":"closed","ping_status":"closed","template":"elementor_header_footer","meta":{"site-sidebar-layout":"no-sidebar","site-content-layout":"","ast-site-content-layout":"full-width-container","site-content-style":"default","site-sidebar-style":"default","ast-global-header-display":"","ast-banner-title-visibility":"","ast-main-header-display":"","ast-hfb-above-header-display":"","ast-hfb-below-header-display":"","ast-hfb-mobile-header-display":"","site-post-title":"disabled","ast-breadcrumbs-content":"","ast-featured-img":"disabled","footer-sml-layout":"","theme-transparent-header-meta":"","adv-header-id-meta":"","stick-header-meta":"","header-above-stick-meta":"","header-main-stick-meta":"","header-below-stick-meta":"","astra-migrate-meta-layouts":"default","ast-page-background-enabled":"default","ast-page-background-meta":{"desktop":{"background-color":"var(--ast-global-color-4)","background-image":"","background-repeat":"repeat","background-position":"center center","background-size":"auto","background-attachment":"scroll","background-type":"","background-media":"","overlay-type":"","overlay-color":"","overlay-opacity":"","overlay-gradient":""},"tablet":{"background-color":"","background-image":"","background-repeat":"repeat","background-position":"center center","background-size":"auto","background-attachment":"scroll","background-type":"","background-media":"","overlay-type":"","overlay-color":"","overlay-opacity":"","overlay-gradient":""},"mobile":{"background-color":"","background-image":"","background-repeat":"repeat","background-position":"center center","background-size":"auto","background-attachment":"scroll","background-type":"","background-media":"","overlay-type":"","overlay-color":"","overlay-opacity":"","overlay-gradient":""}},"ast-content-background-meta":{"desktop":{"background-color":"var(--ast-global-color-5)","background-image":"","background-repeat":"repeat","background-position":"center center","background-size":"auto","background-attachment":"scroll","background-type":"","background-media":"","overlay-type":"","overlay-color":"","overlay-opacity":"","overlay-gradient":""},"tablet":{"background-color":"var(--ast-global-color-5)","background-image":"","background-repeat":"repeat","background-position":"center center","background-size":"auto","background-attachment":"scroll","background-type":"","background-media":"","overlay-type":"","overlay-color":"","overlay-opacity":"","overlay-gradient":""},"mobile":{"background-color":"var(--ast-global-color-5)","background-image":"","background-repeat":"repeat","background-position":"center center","background-size":"auto","background-attachment":"scroll","background-type":"","background-media":"","overlay-type":"","overlay-color":"","overlay-opacity":"","overlay-gradient":""}},"_vp_format_video_url":"","_vp_image_focal_point":[],"footnotes":""},"class_list":["post-955","page","type-page","status-publish","has-post-thumbnail","hentry"],"_links":{"self":[{"href":"https:\/\/www.victor-veliz.com\/es\/wp-json\/wp\/v2\/pages\/955","targetHints":{"allow":["GET"]}}],"collection":[{"href":"https:\/\/www.victor-veliz.com\/es\/wp-json\/wp\/v2\/pages"}],"about":[{"href":"https:\/\/www.victor-veliz.com\/es\/wp-json\/wp\/v2\/types\/page"}],"author":[{"embeddable":true,"href":"https:\/\/www.victor-veliz.com\/es\/wp-json\/wp\/v2\/users\/1"}],"replies":[{"embeddable":true,"href":"https:\/\/www.victor-veliz.com\/es\/wp-json\/wp\/v2\/comments?post=955"}],"version-history":[{"count":10,"href":"https:\/\/www.victor-veliz.com\/es\/wp-json\/wp\/v2\/pages\/955\/revisions"}],"predecessor-version":[{"id":1553,"href":"https:\/\/www.victor-veliz.com\/es\/wp-json\/wp\/v2\/pages\/955\/revisions\/1553"}],"wp:featuredmedia":[{"embeddable":true,"href":"https:\/\/www.victor-veliz.com\/es\/wp-json\/wp\/v2\/media\/956"}],"wp:attachment":[{"href":"https:\/\/www.victor-veliz.com\/es\/wp-json\/wp\/v2\/media?parent=955"}],"curies":[{"name":"wp","href":"https:\/\/api.w.org\/{rel}","templated":true}]}}