{"id":898,"date":"2024-11-19T07:57:08","date_gmt":"2024-11-19T07:57:08","guid":{"rendered":"https:\/\/www.victor-veliz.com\/?page_id=898"},"modified":"2024-12-02T15:11:50","modified_gmt":"2024-12-02T18:11:50","slug":"lectores-salvajes","status":"publish","type":"page","link":"https:\/\/www.victor-veliz.com\/es\/lectores-salvajes\/","title":{"rendered":"Lectores Salvajes"},"content":{"rendered":"<div data-elementor-type=\"wp-page\" data-elementor-id=\"898\" class=\"elementor elementor-898\">\n\t\t\t\t<div class=\"elementor-element elementor-element-e471009 e-flex e-con-boxed lakit-col-width-auto-no e-container e-root-container elementor-top-section e-con e-parent\" data-id=\"e471009\" data-element_type=\"container\" data-e-type=\"container\" data-settings=\"{&quot;background_background&quot;:&quot;classic&quot;}\">\n\t\t\t\t\t<div class=\"e-con-inner\">\n\t\t\t\t<div class=\"elementor-element elementor-element-2766971 elementor-widget elementor-widget-heading\" data-id=\"2766971\" data-element_type=\"widget\" data-e-type=\"widget\" data-widget_type=\"heading.default\">\n\t\t\t\t<div class=\"elementor-widget-container\">\n\t\t\t\t\t<h2 class=\"elementor-heading-title elementor-size-default\">Lectores Salvajes<\/h2>\t\t\t\t<\/div>\n\t\t\t\t<\/div>\n\t\t\t\t<div class=\"elementor-element elementor-element-b99bf6f elementor-widget elementor-widget-text-editor\" data-id=\"b99bf6f\" data-element_type=\"widget\" data-e-type=\"widget\" data-widget_type=\"text-editor.default\">\n\t\t\t\t<div class=\"elementor-widget-container\">\n\t\t\t\t\t\t\t\t\t<p>Descubre historias, comparte pasiones: tus libros favoritos, seleccionados con cuidado.<\/p>\t\t\t\t\t\t\t\t<\/div>\n\t\t\t\t<\/div>\n\t\t\t\t\t<\/div>\n\t\t\t\t<\/div>\n\t\t<div class=\"elementor-element elementor-element-9199e30 e-flex e-con-boxed lakit-col-width-auto-no e-container e-root-container elementor-top-section e-con e-parent\" data-id=\"9199e30\" data-element_type=\"container\" data-e-type=\"container\" data-settings=\"{&quot;background_background&quot;:&quot;classic&quot;}\">\n\t\t\t\t\t<div class=\"e-con-inner\">\n\t\t\t\t<div class=\"elementor-element elementor-element-fda977d elementor-widget elementor-widget-image\" data-id=\"fda977d\" data-element_type=\"widget\" data-e-type=\"widget\" data-widget_type=\"image.default\">\n\t\t\t\t<div class=\"elementor-widget-container\">\n\t\t\t\t\t\t\t\t\t\t\t\t\t\t\t<img fetchpriority=\"high\" decoding=\"async\" width=\"1366\" height=\"898\" src=\"https:\/\/www.victor-veliz.com\/wp-content\/uploads\/2024\/11\/Papel-Envoltura-Lectores-Salvajes-v01.jpg\" class=\"attachment-full size-full wp-image-902\" alt=\"\" srcset=\"https:\/\/www.victor-veliz.com\/wp-content\/uploads\/2024\/11\/Papel-Envoltura-Lectores-Salvajes-v01.jpg 1366w, https:\/\/www.victor-veliz.com\/wp-content\/uploads\/2024\/11\/Papel-Envoltura-Lectores-Salvajes-v01-300x197.jpg 300w, https:\/\/www.victor-veliz.com\/wp-content\/uploads\/2024\/11\/Papel-Envoltura-Lectores-Salvajes-v01-1024x673.jpg 1024w, https:\/\/www.victor-veliz.com\/wp-content\/uploads\/2024\/11\/Papel-Envoltura-Lectores-Salvajes-v01-768x505.jpg 768w, https:\/\/www.victor-veliz.com\/wp-content\/uploads\/2024\/11\/Papel-Envoltura-Lectores-Salvajes-v01-500x329.jpg 500w, https:\/\/www.victor-veliz.com\/wp-content\/uploads\/2024\/11\/Papel-Envoltura-Lectores-Salvajes-v01-800x526.jpg 800w, https:\/\/www.victor-veliz.com\/wp-content\/uploads\/2024\/11\/Papel-Envoltura-Lectores-Salvajes-v01-1280x841.jpg 1280w\" sizes=\"(max-width: 1366px) 100vw, 1366px\" \/>\t\t\t\t\t\t\t\t\t\t\t\t\t\t\t<\/div>\n\t\t\t\t<\/div>\n\t\t\t\t\t<\/div>\n\t\t\t\t<\/div>\n\t\t<div class=\"elementor-element elementor-element-b4fe321 e-flex e-con-boxed lakit-col-width-auto-no e-container e-root-container elementor-top-section e-con e-parent\" data-id=\"b4fe321\" data-element_type=\"container\" data-e-type=\"container\">\n\t\t\t\t\t<div class=\"e-con-inner\">\n\t\t<div class=\"elementor-element elementor-element-8fc829b e-con-full e-flex lakit-col-width-auto-no e-container e-con e-child\" data-id=\"8fc829b\" data-element_type=\"container\" data-e-type=\"container\">\n\t\t\t\t<div class=\"elementor-element elementor-element-7626322 elementor-widget elementor-widget-text-editor\" data-id=\"7626322\" data-element_type=\"widget\" data-e-type=\"widget\" data-settings=\"{&quot;sticky&quot;:&quot;top&quot;,&quot;sticky_offset&quot;:150,&quot;sticky_on&quot;:[&quot;desktop&quot;,&quot;tablet&quot;],&quot;sticky_effects_offset&quot;:0}\" data-widget_type=\"text-editor.default\">\n\t\t\t\t<div class=\"elementor-widget-container\">\n\t\t\t\t\t\t\t\t\t<p><span style=\"color: #666666;\"><strong>A\u00f1o:<\/strong> 2017<\/span><\/p><p><span style=\"color: #666666;\"><strong>Cliente:<\/strong> Lectores Salvajes<\/span><\/p><p><span style=\"color: #666666;\"><strong>Tarea:<\/strong> Dise\u00f1ador<\/span><\/p><p><span style=\"color: #666666;\"><strong>T\u00e9cnica:<\/strong> Sistemas de dise\u00f1o de marca<\/span><\/p><p><span style=\"color: #333333;\"><span style=\"color: #8493bd;\"><span style=\"color: #666666;\"><strong>Categor\u00eda: <\/strong>Dise\u00f1o<\/span><\/span><\/span><\/p><p><span style=\"color: #333333;\"><span style=\"color: #8493bd;\"><span style=\"color: #666666;\"><strong>P\u00e1gina web: <\/strong><span style=\"color: #8493bd;\"><a style=\"color: #8493bd;\" href=\"https:\/\/lectoressalvajes.cl\/\" target=\"_blank\" rel=\"noopener\">lectoressalvajes.cl<\/a><\/span><\/span><\/span><\/span><\/p>\t\t\t\t\t\t\t\t<\/div>\n\t\t\t\t<\/div>\n\t\t\t\t<\/div>\n\t\t<div class=\"elementor-element elementor-element-0d62731 e-con-full e-flex lakit-col-width-auto-no e-container e-con e-child\" data-id=\"0d62731\" data-element_type=\"container\" data-e-type=\"container\">\n\t\t\t\t<div class=\"elementor-element elementor-element-dc424dd elementor-widget elementor-widget-heading\" data-id=\"dc424dd\" data-element_type=\"widget\" data-e-type=\"widget\" data-widget_type=\"heading.default\">\n\t\t\t\t<div class=\"elementor-widget-container\">\n\t\t\t\t\t<h2 class=\"elementor-heading-title elementor-size-default\">Lectores Salvajes<\/h2>\t\t\t\t<\/div>\n\t\t\t\t<\/div>\n\t\t\t\t<div class=\"elementor-element elementor-element-9b50bce elementor-widget elementor-widget-text-editor\" data-id=\"9b50bce\" data-element_type=\"widget\" data-e-type=\"widget\" data-widget_type=\"text-editor.default\">\n\t\t\t\t<div class=\"elementor-widget-container\">\n\t\t\t\t\t\t\t\t\t<p>Este proyecto se centr\u00f3 en crear un sistema gr\u00e1fico coherente para una librer\u00eda que vende y rese\u00f1a libros. Incluy\u00f3 pautas de marca, dise\u00f1o de logotipo y varios recursos visuales que reflejan la pasi\u00f3n de la empresa por la literatura.<\/p>\t\t\t\t\t\t\t\t<\/div>\n\t\t\t\t<\/div>\n\t\t\t\t<div class=\"elementor-element elementor-element-b1a7662 gallery-spacing-custom elementor-widget elementor-widget-image-gallery\" data-id=\"b1a7662\" data-element_type=\"widget\" data-e-type=\"widget\" data-widget_type=\"image-gallery.default\">\n\t\t\t\t<div class=\"elementor-widget-container\">\n\t\t\t\t\t\t\t<div class=\"elementor-image-gallery\">\n\t\t\t<div id='gallery-1' class='gallery galleryid-898 gallery-columns-1 gallery-size-full'><figure class='gallery-item'>\n\t\t\t<div class='gallery-icon landscape'>\n\t\t\t\t<a data-elementor-open-lightbox=\"yes\" data-elementor-lightbox-slideshow=\"b1a7662\" data-e-action-hash=\"#elementor-action%3Aaction%3Dlightbox%26settings%3DeyJpZCI6ODk5LCJ1cmwiOiJodHRwczpcL1wvd3d3LnZpY3Rvci12ZWxpei5jb21cL3dwLWNvbnRlbnRcL3VwbG9hZHNcLzIwMjRcLzExXC9sZWN0b3Jlcy1mZWF0dXJlZC5wbmciLCJzbGlkZXNob3ciOiJiMWE3NjYyIn0%3D\" href='https:\/\/www.victor-veliz.com\/wp-content\/uploads\/2024\/11\/lectores-featured.png'><img decoding=\"async\" width=\"1080\" height=\"1080\" src=\"https:\/\/www.victor-veliz.com\/wp-content\/uploads\/2024\/11\/lectores-featured.png\" class=\"attachment-full size-full\" alt=\"\" srcset=\"https:\/\/www.victor-veliz.com\/wp-content\/uploads\/2024\/11\/lectores-featured.png 1080w, https:\/\/www.victor-veliz.com\/wp-content\/uploads\/2024\/11\/lectores-featured-300x300.png 300w, https:\/\/www.victor-veliz.com\/wp-content\/uploads\/2024\/11\/lectores-featured-1024x1024.png 1024w, https:\/\/www.victor-veliz.com\/wp-content\/uploads\/2024\/11\/lectores-featured-150x150.png 150w, https:\/\/www.victor-veliz.com\/wp-content\/uploads\/2024\/11\/lectores-featured-768x768.png 768w, https:\/\/www.victor-veliz.com\/wp-content\/uploads\/2024\/11\/lectores-featured-500x500.png 500w, https:\/\/www.victor-veliz.com\/wp-content\/uploads\/2024\/11\/lectores-featured-800x800.png 800w\" sizes=\"(max-width: 1080px) 100vw, 1080px\" \/><\/a>\n\t\t\t<\/div><\/figure><figure class='gallery-item'>\n\t\t\t<div class='gallery-icon landscape'>\n\t\t\t\t<a data-elementor-open-lightbox=\"yes\" data-elementor-lightbox-slideshow=\"b1a7662\" data-e-action-hash=\"#elementor-action%3Aaction%3Dlightbox%26settings%3DeyJpZCI6OTA1LCJ1cmwiOiJodHRwczpcL1wvd3d3LnZpY3Rvci12ZWxpei5jb21cL3dwLWNvbnRlbnRcL3VwbG9hZHNcLzIwMjRcLzExXC9UYXJqZXRhLUxlY3RvcmVzLVNhbHZhamVzLXYwMi1uYXRhbGllLmpwZyIsInNsaWRlc2hvdyI6ImIxYTc2NjIifQ%3D%3D\" href='https:\/\/www.victor-veliz.com\/wp-content\/uploads\/2024\/11\/Tarjeta-Lectores-Salvajes-v02-natalie.jpg'><img decoding=\"async\" width=\"2000\" height=\"1333\" src=\"https:\/\/www.victor-veliz.com\/wp-content\/uploads\/2024\/11\/Tarjeta-Lectores-Salvajes-v02-natalie.jpg\" class=\"attachment-full size-full\" alt=\"\" srcset=\"https:\/\/www.victor-veliz.com\/wp-content\/uploads\/2024\/11\/Tarjeta-Lectores-Salvajes-v02-natalie.jpg 2000w, https:\/\/www.victor-veliz.com\/wp-content\/uploads\/2024\/11\/Tarjeta-Lectores-Salvajes-v02-natalie-300x200.jpg 300w, https:\/\/www.victor-veliz.com\/wp-content\/uploads\/2024\/11\/Tarjeta-Lectores-Salvajes-v02-natalie-1024x682.jpg 1024w, https:\/\/www.victor-veliz.com\/wp-content\/uploads\/2024\/11\/Tarjeta-Lectores-Salvajes-v02-natalie-768x512.jpg 768w, https:\/\/www.victor-veliz.com\/wp-content\/uploads\/2024\/11\/Tarjeta-Lectores-Salvajes-v02-natalie-1536x1024.jpg 1536w, https:\/\/www.victor-veliz.com\/wp-content\/uploads\/2024\/11\/Tarjeta-Lectores-Salvajes-v02-natalie-500x333.jpg 500w, https:\/\/www.victor-veliz.com\/wp-content\/uploads\/2024\/11\/Tarjeta-Lectores-Salvajes-v02-natalie-800x533.jpg 800w, https:\/\/www.victor-veliz.com\/wp-content\/uploads\/2024\/11\/Tarjeta-Lectores-Salvajes-v02-natalie-1280x853.jpg 1280w, https:\/\/www.victor-veliz.com\/wp-content\/uploads\/2024\/11\/Tarjeta-Lectores-Salvajes-v02-natalie-1920x1280.jpg 1920w\" sizes=\"(max-width: 2000px) 100vw, 2000px\" \/><\/a>\n\t\t\t<\/div><\/figure><figure class='gallery-item'>\n\t\t\t<div class='gallery-icon landscape'>\n\t\t\t\t<a data-elementor-open-lightbox=\"yes\" data-elementor-lightbox-slideshow=\"b1a7662\" data-e-action-hash=\"#elementor-action%3Aaction%3Dlightbox%26settings%3DeyJpZCI6OTA2LCJ1cmwiOiJodHRwczpcL1wvd3d3LnZpY3Rvci12ZWxpei5jb21cL3dwLWNvbnRlbnRcL3VwbG9hZHNcLzIwMjRcLzExXC9Cb2xzYS1MZWN0b3Jlcy1TYWx2YWplcy0wMS5qcGciLCJzbGlkZXNob3ciOiJiMWE3NjYyIn0%3D\" href='https:\/\/www.victor-veliz.com\/wp-content\/uploads\/2024\/11\/Bolsa-Lectores-Salvajes-01.jpg'><img loading=\"lazy\" decoding=\"async\" width=\"2300\" height=\"1600\" src=\"https:\/\/www.victor-veliz.com\/wp-content\/uploads\/2024\/11\/Bolsa-Lectores-Salvajes-01.jpg\" class=\"attachment-full size-full\" alt=\"\" srcset=\"https:\/\/www.victor-veliz.com\/wp-content\/uploads\/2024\/11\/Bolsa-Lectores-Salvajes-01.jpg 2300w, https:\/\/www.victor-veliz.com\/wp-content\/uploads\/2024\/11\/Bolsa-Lectores-Salvajes-01-300x209.jpg 300w, https:\/\/www.victor-veliz.com\/wp-content\/uploads\/2024\/11\/Bolsa-Lectores-Salvajes-01-1024x712.jpg 1024w, https:\/\/www.victor-veliz.com\/wp-content\/uploads\/2024\/11\/Bolsa-Lectores-Salvajes-01-768x534.jpg 768w, https:\/\/www.victor-veliz.com\/wp-content\/uploads\/2024\/11\/Bolsa-Lectores-Salvajes-01-1536x1069.jpg 1536w, https:\/\/www.victor-veliz.com\/wp-content\/uploads\/2024\/11\/Bolsa-Lectores-Salvajes-01-2048x1425.jpg 2048w, https:\/\/www.victor-veliz.com\/wp-content\/uploads\/2024\/11\/Bolsa-Lectores-Salvajes-01-500x348.jpg 500w, https:\/\/www.victor-veliz.com\/wp-content\/uploads\/2024\/11\/Bolsa-Lectores-Salvajes-01-800x557.jpg 800w, https:\/\/www.victor-veliz.com\/wp-content\/uploads\/2024\/11\/Bolsa-Lectores-Salvajes-01-1280x890.jpg 1280w, https:\/\/www.victor-veliz.com\/wp-content\/uploads\/2024\/11\/Bolsa-Lectores-Salvajes-01-1920x1336.jpg 1920w\" sizes=\"(max-width: 2300px) 100vw, 2300px\" \/><\/a>\n\t\t\t<\/div><\/figure><figure class='gallery-item'>\n\t\t\t<div class='gallery-icon landscape'>\n\t\t\t\t<a data-elementor-open-lightbox=\"yes\" data-elementor-lightbox-slideshow=\"b1a7662\" data-e-action-hash=\"#elementor-action%3Aaction%3Dlightbox%26settings%3DeyJpZCI6OTA0LCJ1cmwiOiJodHRwczpcL1wvd3d3LnZpY3Rvci12ZWxpei5jb21cL3dwLWNvbnRlbnRcL3VwbG9hZHNcLzIwMjRcLzExXC9NYXJjYXBhZ2luYXMtTGVjdG9yZXMtU2FsdmFqZXMtdjAxLmpwZyIsInNsaWRlc2hvdyI6ImIxYTc2NjIifQ%3D%3D\" href='https:\/\/www.victor-veliz.com\/wp-content\/uploads\/2024\/11\/Marcapaginas-Lectores-Salvajes-v01.jpg'><img loading=\"lazy\" decoding=\"async\" width=\"1024\" height=\"937\" src=\"https:\/\/www.victor-veliz.com\/wp-content\/uploads\/2024\/11\/Marcapaginas-Lectores-Salvajes-v01.jpg\" class=\"attachment-full size-full\" alt=\"\" srcset=\"https:\/\/www.victor-veliz.com\/wp-content\/uploads\/2024\/11\/Marcapaginas-Lectores-Salvajes-v01.jpg 1024w, https:\/\/www.victor-veliz.com\/wp-content\/uploads\/2024\/11\/Marcapaginas-Lectores-Salvajes-v01-300x275.jpg 300w, https:\/\/www.victor-veliz.com\/wp-content\/uploads\/2024\/11\/Marcapaginas-Lectores-Salvajes-v01-768x703.jpg 768w, https:\/\/www.victor-veliz.com\/wp-content\/uploads\/2024\/11\/Marcapaginas-Lectores-Salvajes-v01-500x458.jpg 500w, https:\/\/www.victor-veliz.com\/wp-content\/uploads\/2024\/11\/Marcapaginas-Lectores-Salvajes-v01-800x732.jpg 800w\" sizes=\"(max-width: 1024px) 100vw, 1024px\" \/><\/a>\n\t\t\t<\/div><\/figure>\n\t\t<\/div>\n\t\t<\/div>\n\t\t\t\t\t\t<\/div>\n\t\t\t\t<\/div>\n\t\t<div class=\"elementor-element elementor-element-5d3df5b e-con-full e-flex lakit-col-width-auto-no e-container e-con e-child\" data-id=\"5d3df5b\" data-element_type=\"container\" data-e-type=\"container\">\n\t\t\t\t<div class=\"elementor-element elementor-element-2696fae elementor-widget elementor-widget-heading\" data-id=\"2696fae\" data-element_type=\"widget\" data-e-type=\"widget\" data-widget_type=\"heading.default\">\n\t\t\t\t<div class=\"elementor-widget-container\">\n\t\t\t\t\t<h2 class=\"elementor-heading-title elementor-size-default\">Explorar M\u00e1s<\/h2>\t\t\t\t<\/div>\n\t\t\t\t<\/div>\n\t\t\t\t<\/div>\n\t\t<div class=\"elementor-element elementor-element-2d01a58 e-con-full e-flex lakit-col-width-auto-no e-container e-con e-child\" data-id=\"2d01a58\" data-element_type=\"container\" data-e-type=\"container\">\n\t\t\t\t<div class=\"elementor-element elementor-element-5c50c3d elementor-grid-eael-col-3 elementor-grid-tablet-eael-col-2 elementor-grid-mobile-eael-col-1 elementor-widget elementor-widget-eael-post-grid\" data-id=\"5c50c3d\" data-element_type=\"widget\" data-e-type=\"widget\" data-settings=\"{&quot;eael_post_grid_columns&quot;:&quot;eael-col-3&quot;,&quot;eael_post_grid_columns_tablet&quot;:&quot;eael-col-2&quot;,&quot;eael_post_grid_columns_mobile&quot;:&quot;eael-col-1&quot;}\" data-widget_type=\"eael-post-grid.default\">\n\t\t\t\t<div class=\"elementor-widget-container\">\n\t\t\t\t\t<div id=\"eael-post-grid-5c50c3d\" class=\"eael-post-grid-container\">\n            <div class=\"eael-post-grid eael-post-appender eael-post-appender-5c50c3d eael-post-grid-style-one\" data-layout-mode=\"grid\"><article class=\"eael-grid-post  eael-post-grid-column eael-pg-post-1011\" data-id=\"1011\">\n        <div class=\"eael-grid-post-holder\">\n            <div class=\"eael-grid-post-holder-inner\"><div class=\"eael-entry-media\"><div class=\"eael-entry-overlay fade-in\"><i class=\"\" aria-hidden=\"true\"><\/i><a href=\"https:\/\/www.victor-veliz.com\/es\/senku-solitaire\/\"><\/a><\/div><div class=\"eael-entry-thumbnail\">\n                <img loading=\"lazy\" decoding=\"async\" width=\"1080\" height=\"1080\" src=\"https:\/\/www.victor-veliz.com\/wp-content\/uploads\/2024\/11\/senku-featured.png\" class=\"attachment-full size-full wp-image-1012\" alt=\"\" srcset=\"https:\/\/www.victor-veliz.com\/wp-content\/uploads\/2024\/11\/senku-featured.png 1080w, https:\/\/www.victor-veliz.com\/wp-content\/uploads\/2024\/11\/senku-featured-300x300.png 300w, https:\/\/www.victor-veliz.com\/wp-content\/uploads\/2024\/11\/senku-featured-1024x1024.png 1024w, https:\/\/www.victor-veliz.com\/wp-content\/uploads\/2024\/11\/senku-featured-150x150.png 150w, https:\/\/www.victor-veliz.com\/wp-content\/uploads\/2024\/11\/senku-featured-768x768.png 768w, https:\/\/www.victor-veliz.com\/wp-content\/uploads\/2024\/11\/senku-featured-500x500.png 500w, https:\/\/www.victor-veliz.com\/wp-content\/uploads\/2024\/11\/senku-featured-800x800.png 800w\" sizes=\"(max-width: 1080px) 100vw, 1080px\" \/>\n            <\/div>\n        <\/div><div class=\"eael-entry-wrapper\"><header class=\"eael-entry-header\"><h2 class=\"eael-entry-title\"><a class=\"eael-grid-post-link\" href=\"https:\/\/www.victor-veliz.com\/es\/senku-solitaire\/\" title=\"Solitario Senku\">Solitario Senku<\/a><\/h2><\/header><\/div><\/div>\n        <\/div>\n    <\/article><article class=\"eael-grid-post  eael-post-grid-column eael-pg-post-701\" data-id=\"701\">\n        <div class=\"eael-grid-post-holder\">\n            <div class=\"eael-grid-post-holder-inner\"><div class=\"eael-entry-media\"><div class=\"eael-entry-overlay fade-in\"><i class=\"\" aria-hidden=\"true\"><\/i><a href=\"https:\/\/www.victor-veliz.com\/es\/greatest-wish\/\"><\/a><\/div><div class=\"eael-entry-thumbnail\">\n                <img loading=\"lazy\" decoding=\"async\" width=\"1080\" height=\"1080\" src=\"https:\/\/www.victor-veliz.com\/wp-content\/uploads\/2024\/11\/wish-featured.jpg\" class=\"attachment-full size-full wp-image-702\" alt=\"\" srcset=\"https:\/\/www.victor-veliz.com\/wp-content\/uploads\/2024\/11\/wish-featured.jpg 1080w, https:\/\/www.victor-veliz.com\/wp-content\/uploads\/2024\/11\/wish-featured-300x300.jpg 300w, https:\/\/www.victor-veliz.com\/wp-content\/uploads\/2024\/11\/wish-featured-1024x1024.jpg 1024w, https:\/\/www.victor-veliz.com\/wp-content\/uploads\/2024\/11\/wish-featured-150x150.jpg 150w, https:\/\/www.victor-veliz.com\/wp-content\/uploads\/2024\/11\/wish-featured-768x768.jpg 768w, https:\/\/www.victor-veliz.com\/wp-content\/uploads\/2024\/11\/wish-featured-500x500.jpg 500w, https:\/\/www.victor-veliz.com\/wp-content\/uploads\/2024\/11\/wish-featured-800x800.jpg 800w\" sizes=\"(max-width: 1080px) 100vw, 1080px\" \/>\n            <\/div>\n        <\/div><div class=\"eael-entry-wrapper\"><header class=\"eael-entry-header\"><h2 class=\"eael-entry-title\"><a class=\"eael-grid-post-link\" href=\"https:\/\/www.victor-veliz.com\/es\/greatest-wish\/\" title=\"Greatest Wish\">Greatest Wish<\/a><\/h2><\/header><\/div><\/div>\n        <\/div>\n    <\/article><article class=\"eael-grid-post  eael-post-grid-column eael-pg-post-1761\" data-id=\"1761\">\n        <div class=\"eael-grid-post-holder\">\n            <div class=\"eael-grid-post-holder-inner\"><div class=\"eael-entry-media\"><div class=\"eael-entry-overlay fade-in\"><i class=\"\" aria-hidden=\"true\"><\/i><a href=\"https:\/\/www.victor-veliz.com\/es\/chucaotech\/\"><\/a><\/div><div class=\"eael-entry-thumbnail\">\n                <img loading=\"lazy\" decoding=\"async\" width=\"1080\" height=\"1080\" src=\"https:\/\/www.victor-veliz.com\/wp-content\/uploads\/2024\/11\/beic-featured.jpg\" class=\"attachment-full size-full wp-image-1033\" alt=\"\" srcset=\"https:\/\/www.victor-veliz.com\/wp-content\/uploads\/2024\/11\/beic-featured.jpg 1080w, https:\/\/www.victor-veliz.com\/wp-content\/uploads\/2024\/11\/beic-featured-300x300.jpg 300w, https:\/\/www.victor-veliz.com\/wp-content\/uploads\/2024\/11\/beic-featured-1024x1024.jpg 1024w, https:\/\/www.victor-veliz.com\/wp-content\/uploads\/2024\/11\/beic-featured-150x150.jpg 150w, https:\/\/www.victor-veliz.com\/wp-content\/uploads\/2024\/11\/beic-featured-768x768.jpg 768w, https:\/\/www.victor-veliz.com\/wp-content\/uploads\/2024\/11\/beic-featured-500x500.jpg 500w, https:\/\/www.victor-veliz.com\/wp-content\/uploads\/2024\/11\/beic-featured-800x800.jpg 800w\" sizes=\"(max-width: 1080px) 100vw, 1080px\" \/>\n            <\/div>\n        <\/div><div class=\"eael-entry-wrapper\"><header class=\"eael-entry-header\"><h2 class=\"eael-entry-title\"><a class=\"eael-grid-post-link\" href=\"https:\/\/www.victor-veliz.com\/es\/chucaotech\/\" title=\"ChucaoTech\">ChucaoTech<\/a><\/h2><\/header><\/div><\/div>\n        <\/div>\n    <\/article><\/div>\n            <div class=\"clearfix\"><\/div>\n        <\/div>            <div class=\"eael-load-more-button-wrap eael-force-hide\">\n                <button class=\"eael-load-more-button\" id=\"eael-load-more-btn-5c50c3d\" data-widget-id=\"5c50c3d\" data-widget=\"5c50c3d\" data-page-id=\"898\" data-template=\"{&quot;dir&quot;:&quot;lite&quot;,&quot;file_name&quot;:&quot;one.php&quot;,&quot;name&quot;:&quot;Post-Grid&quot;}\" data-class=\"Essential_Addons_Elementor\\Elements\\Post_Grid\" data-layout=\"grid\" data-page=\"1\" data-args=\"orderby=rand&amp;order=desc&amp;ignore_sticky_posts=1&amp;post_status=publish&amp;posts_per_page=3&amp;offset=0&amp;post_type=page&amp;post__not_in%5B0%5D=19&amp;post__not_in%5B1%5D=898\" data-max-page=\"10\">\n                    <span class=\"eael-btn-loader button__loader\"><\/span>\n                    <span class=\"eael_load_more_text\">Carga M\u00e1s<\/span>\n                <\/button>\n            <\/div>\n            \t\t\t\t<\/div>\n\t\t\t\t<\/div>\n\t\t\t\t<\/div>\n\t\t\t\t<\/div>\n\t\t\t\t\t<\/div>\n\t\t\t\t<\/div>\n\t\t\t\t<\/div>","protected":false},"excerpt":{"rendered":"<p>Lectores Salvajes Discover stories, share passions\u2014your favorite books, handpicked with care. Year: 2017 Client: Lectores Salvajes Task: Designer Techniques: Brand [&hellip;]<\/p>","protected":false},"author":1,"featured_media":899,"parent":0,"menu_order":0,"comment_status":"closed","ping_status":"closed","template":"elementor_header_footer","meta":{"site-sidebar-layout":"no-sidebar","site-content-layout":"","ast-site-content-layout":"full-width-container","site-content-style":"default","site-sidebar-style":"default","ast-global-header-display":"","ast-banner-title-visibility":"","ast-main-header-display":"","ast-hfb-above-header-display":"","ast-hfb-below-header-display":"","ast-hfb-mobile-header-display":"","site-post-title":"disabled","ast-breadcrumbs-content":"","ast-featured-img":"disabled","footer-sml-layout":"","theme-transparent-header-meta":"","adv-header-id-meta":"","stick-header-meta":"","header-above-stick-meta":"","header-main-stick-meta":"","header-below-stick-meta":"","astra-migrate-meta-layouts":"default","ast-page-background-enabled":"default","ast-page-background-meta":{"desktop":{"background-color":"var(--ast-global-color-4)","background-image":"","background-repeat":"repeat","background-position":"center center","background-size":"auto","background-attachment":"scroll","background-type":"","background-media":"","overlay-type":"","overlay-color":"","overlay-opacity":"","overlay-gradient":""},"tablet":{"background-color":"","background-image":"","background-repeat":"repeat","background-position":"center center","background-size":"auto","background-attachment":"scroll","background-type":"","background-media":"","overlay-type":"","overlay-color":"","overlay-opacity":"","overlay-gradient":""},"mobile":{"background-color":"","background-image":"","background-repeat":"repeat","background-position":"center center","background-size":"auto","background-attachment":"scroll","background-type":"","background-media":"","overlay-type":"","overlay-color":"","overlay-opacity":"","overlay-gradient":""}},"ast-content-background-meta":{"desktop":{"background-color":"var(--ast-global-color-5)","background-image":"","background-repeat":"repeat","background-position":"center center","background-size":"auto","background-attachment":"scroll","background-type":"","background-media":"","overlay-type":"","overlay-color":"","overlay-opacity":"","overlay-gradient":""},"tablet":{"background-color":"var(--ast-global-color-5)","background-image":"","background-repeat":"repeat","background-position":"center center","background-size":"auto","background-attachment":"scroll","background-type":"","background-media":"","overlay-type":"","overlay-color":"","overlay-opacity":"","overlay-gradient":""},"mobile":{"background-color":"var(--ast-global-color-5)","background-image":"","background-repeat":"repeat","background-position":"center center","background-size":"auto","background-attachment":"scroll","background-type":"","background-media":"","overlay-type":"","overlay-color":"","overlay-opacity":"","overlay-gradient":""}},"_vp_format_video_url":"","_vp_image_focal_point":[],"footnotes":""},"class_list":["post-898","page","type-page","status-publish","has-post-thumbnail","hentry"],"_links":{"self":[{"href":"https:\/\/www.victor-veliz.com\/es\/wp-json\/wp\/v2\/pages\/898","targetHints":{"allow":["GET"]}}],"collection":[{"href":"https:\/\/www.victor-veliz.com\/es\/wp-json\/wp\/v2\/pages"}],"about":[{"href":"https:\/\/www.victor-veliz.com\/es\/wp-json\/wp\/v2\/types\/page"}],"author":[{"embeddable":true,"href":"https:\/\/www.victor-veliz.com\/es\/wp-json\/wp\/v2\/users\/1"}],"replies":[{"embeddable":true,"href":"https:\/\/www.victor-veliz.com\/es\/wp-json\/wp\/v2\/comments?post=898"}],"version-history":[{"count":7,"href":"https:\/\/www.victor-veliz.com\/es\/wp-json\/wp\/v2\/pages\/898\/revisions"}],"predecessor-version":[{"id":1587,"href":"https:\/\/www.victor-veliz.com\/es\/wp-json\/wp\/v2\/pages\/898\/revisions\/1587"}],"wp:featuredmedia":[{"embeddable":true,"href":"https:\/\/www.victor-veliz.com\/es\/wp-json\/wp\/v2\/media\/899"}],"wp:attachment":[{"href":"https:\/\/www.victor-veliz.com\/es\/wp-json\/wp\/v2\/media?parent=898"}],"curies":[{"name":"wp","href":"https:\/\/api.w.org\/{rel}","templated":true}]}}