{"id":838,"date":"2024-11-19T05:30:40","date_gmt":"2024-11-19T05:30:40","guid":{"rendered":"https:\/\/www.victor-veliz.com\/?page_id=838"},"modified":"2024-12-02T15:14:22","modified_gmt":"2024-12-02T18:14:22","slug":"rengoku","status":"publish","type":"page","link":"https:\/\/www.victor-veliz.com\/es\/rengoku\/","title":{"rendered":"Rengoku"},"content":{"rendered":"<div data-elementor-type=\"wp-page\" data-elementor-id=\"838\" class=\"elementor elementor-838\">\n\t\t\t\t<div class=\"elementor-element elementor-element-6efb782 e-flex e-con-boxed lakit-col-width-auto-no e-container e-root-container elementor-top-section e-con e-parent\" data-id=\"6efb782\" data-element_type=\"container\" data-e-type=\"container\" data-settings=\"{&quot;background_background&quot;:&quot;classic&quot;}\">\n\t\t\t\t\t<div class=\"e-con-inner\">\n\t\t\t\t<div class=\"elementor-element elementor-element-48873e2 elementor-widget elementor-widget-heading\" data-id=\"48873e2\" data-element_type=\"widget\" data-e-type=\"widget\" data-widget_type=\"heading.default\">\n\t\t\t\t<div class=\"elementor-widget-container\">\n\t\t\t\t\t<h2 class=\"elementor-heading-title elementor-size-default\">Rengoku<\/h2>\t\t\t\t<\/div>\n\t\t\t\t<\/div>\n\t\t\t\t\t<\/div>\n\t\t\t\t<\/div>\n\t\t<div class=\"elementor-element elementor-element-9199e30 e-flex e-con-boxed lakit-col-width-auto-no e-container e-root-container elementor-top-section e-con e-parent\" data-id=\"9199e30\" data-element_type=\"container\" data-e-type=\"container\" data-settings=\"{&quot;background_background&quot;:&quot;classic&quot;}\">\n\t\t\t\t\t<div class=\"e-con-inner\">\n\t\t\t\t<div class=\"elementor-element elementor-element-fda977d elementor-widget elementor-widget-image\" data-id=\"fda977d\" data-element_type=\"widget\" data-e-type=\"widget\" data-widget_type=\"image.default\">\n\t\t\t\t<div class=\"elementor-widget-container\">\n\t\t\t\t\t\t\t\t\t\t\t\t\t\t\t<img fetchpriority=\"high\" decoding=\"async\" width=\"1920\" height=\"1080\" src=\"https:\/\/www.victor-veliz.com\/wp-content\/uploads\/2024\/11\/rengoku-1920x1080-2.jpg\" class=\"attachment-full size-full wp-image-841\" alt=\"\" srcset=\"https:\/\/www.victor-veliz.com\/wp-content\/uploads\/2024\/11\/rengoku-1920x1080-2.jpg 1920w, https:\/\/www.victor-veliz.com\/wp-content\/uploads\/2024\/11\/rengoku-1920x1080-2-300x169.jpg 300w, https:\/\/www.victor-veliz.com\/wp-content\/uploads\/2024\/11\/rengoku-1920x1080-2-1024x576.jpg 1024w, https:\/\/www.victor-veliz.com\/wp-content\/uploads\/2024\/11\/rengoku-1920x1080-2-768x432.jpg 768w, https:\/\/www.victor-veliz.com\/wp-content\/uploads\/2024\/11\/rengoku-1920x1080-2-1536x864.jpg 1536w, https:\/\/www.victor-veliz.com\/wp-content\/uploads\/2024\/11\/rengoku-1920x1080-2-500x281.jpg 500w, https:\/\/www.victor-veliz.com\/wp-content\/uploads\/2024\/11\/rengoku-1920x1080-2-800x450.jpg 800w, https:\/\/www.victor-veliz.com\/wp-content\/uploads\/2024\/11\/rengoku-1920x1080-2-1280x720.jpg 1280w\" sizes=\"(max-width: 1920px) 100vw, 1920px\" \/>\t\t\t\t\t\t\t\t\t\t\t\t\t\t\t<\/div>\n\t\t\t\t<\/div>\n\t\t\t\t\t<\/div>\n\t\t\t\t<\/div>\n\t\t<div class=\"elementor-element elementor-element-b4fe321 e-flex e-con-boxed lakit-col-width-auto-no e-container e-root-container elementor-top-section e-con e-parent\" data-id=\"b4fe321\" data-element_type=\"container\" data-e-type=\"container\">\n\t\t\t\t\t<div class=\"e-con-inner\">\n\t\t<div class=\"elementor-element elementor-element-8fc829b e-con-full e-flex lakit-col-width-auto-no e-container e-con e-child\" data-id=\"8fc829b\" data-element_type=\"container\" data-e-type=\"container\">\n\t\t\t\t<div class=\"elementor-element elementor-element-7626322 elementor-widget elementor-widget-text-editor\" data-id=\"7626322\" data-element_type=\"widget\" data-e-type=\"widget\" data-settings=\"{&quot;sticky&quot;:&quot;top&quot;,&quot;sticky_offset&quot;:150,&quot;sticky_on&quot;:[&quot;desktop&quot;,&quot;tablet&quot;],&quot;sticky_effects_offset&quot;:0}\" data-widget_type=\"text-editor.default\">\n\t\t\t\t<div class=\"elementor-widget-container\">\n\t\t\t\t\t\t\t\t\t<p><span style=\"color: #666666;\"><strong>A\u00f1o:<\/strong> 2024<\/span><\/p><p><span style=\"color: #666666;\"><strong>T\u00e9cnica:<\/strong> Pintura Digital<\/span><\/p><p><span style=\"color: #333333;\"><span style=\"color: #8493bd;\"><span style=\"color: #666666;\"><strong>Categor\u00eda: <\/strong>Ilustraci\u00f3n<\/span><\/span><\/span><\/p>\t\t\t\t\t\t\t\t<\/div>\n\t\t\t\t<\/div>\n\t\t\t\t<\/div>\n\t\t<div class=\"elementor-element elementor-element-0d62731 e-con-full e-flex lakit-col-width-auto-no e-container e-con e-child\" data-id=\"0d62731\" data-element_type=\"container\" data-e-type=\"container\">\n\t\t\t\t<div class=\"elementor-element elementor-element-dc424dd elementor-widget elementor-widget-heading\" data-id=\"dc424dd\" data-element_type=\"widget\" data-e-type=\"widget\" data-widget_type=\"heading.default\">\n\t\t\t\t<div class=\"elementor-widget-container\">\n\t\t\t\t\t<h2 class=\"elementor-heading-title elementor-size-default\">Rengoku: Kimetsu no Yaiba<\/h2>\t\t\t\t<\/div>\n\t\t\t\t<\/div>\n\t\t\t\t<div class=\"elementor-element elementor-element-9b50bce elementor-widget elementor-widget-text-editor\" data-id=\"9b50bce\" data-element_type=\"widget\" data-e-type=\"widget\" data-widget_type=\"text-editor.default\">\n\t\t\t\t<div class=\"elementor-widget-container\">\n\t\t\t\t\t\t\t\t\t<p>Fan art de Rengoku, personaje de Kimetsu no Yaiba, creado como un regalo especial para mi primo, un gran fan\u00e1tico de la serie. Fue un proyecto emocionante que no solo me permiti\u00f3 explorar mi estilo art\u00edstico, sino tambi\u00e9n expresar de forma \u00fanica cu\u00e1nto significa para m\u00ed. \u2764\ufe0f<\/p>\t\t\t\t\t\t\t\t<\/div>\n\t\t\t\t<\/div>\n\t\t\t\t<div class=\"elementor-element elementor-element-b1a7662 gallery-spacing-custom elementor-widget elementor-widget-image-gallery\" data-id=\"b1a7662\" data-element_type=\"widget\" data-e-type=\"widget\" data-widget_type=\"image-gallery.default\">\n\t\t\t\t<div class=\"elementor-widget-container\">\n\t\t\t\t\t\t\t<div class=\"elementor-image-gallery\">\n\t\t\t<div id='gallery-1' class='gallery galleryid-838 gallery-columns-1 gallery-size-full'><figure class='gallery-item'>\n\t\t\t<div class='gallery-icon landscape'>\n\t\t\t\t<a data-elementor-open-lightbox=\"yes\" data-elementor-lightbox-slideshow=\"b1a7662\" data-e-action-hash=\"#elementor-action%3Aaction%3Dlightbox%26settings%3DeyJpZCI6ODQzLCJ1cmwiOiJodHRwczpcL1wvd3d3LnZpY3Rvci12ZWxpei5jb21cL3dwLWNvbnRlbnRcL3VwbG9hZHNcLzIwMjRcLzExXC9Ta2V0Y2gtMDEucG5nIiwic2xpZGVzaG93IjoiYjFhNzY2MiJ9\" href='https:\/\/www.victor-veliz.com\/wp-content\/uploads\/2024\/11\/Sketch-01.png'><img decoding=\"async\" width=\"1920\" height=\"1080\" src=\"https:\/\/www.victor-veliz.com\/wp-content\/uploads\/2024\/11\/Sketch-01.png\" class=\"attachment-full size-full\" alt=\"\" srcset=\"https:\/\/www.victor-veliz.com\/wp-content\/uploads\/2024\/11\/Sketch-01.png 1920w, https:\/\/www.victor-veliz.com\/wp-content\/uploads\/2024\/11\/Sketch-01-300x169.png 300w, https:\/\/www.victor-veliz.com\/wp-content\/uploads\/2024\/11\/Sketch-01-1024x576.png 1024w, https:\/\/www.victor-veliz.com\/wp-content\/uploads\/2024\/11\/Sketch-01-768x432.png 768w, https:\/\/www.victor-veliz.com\/wp-content\/uploads\/2024\/11\/Sketch-01-1536x864.png 1536w, https:\/\/www.victor-veliz.com\/wp-content\/uploads\/2024\/11\/Sketch-01-500x281.png 500w, https:\/\/www.victor-veliz.com\/wp-content\/uploads\/2024\/11\/Sketch-01-800x450.png 800w, https:\/\/www.victor-veliz.com\/wp-content\/uploads\/2024\/11\/Sketch-01-1280x720.png 1280w\" sizes=\"(max-width: 1920px) 100vw, 1920px\" \/><\/a>\n\t\t\t<\/div><\/figure><figure class='gallery-item'>\n\t\t\t<div class='gallery-icon landscape'>\n\t\t\t\t<a data-elementor-open-lightbox=\"yes\" data-elementor-lightbox-slideshow=\"b1a7662\" data-e-action-hash=\"#elementor-action%3Aaction%3Dlightbox%26settings%3DeyJpZCI6ODQ0LCJ1cmwiOiJodHRwczpcL1wvd3d3LnZpY3Rvci12ZWxpei5jb21cL3dwLWNvbnRlbnRcL3VwbG9hZHNcLzIwMjRcLzExXC9SZW5nb2t1LUNvbG9yLmpwZyIsInNsaWRlc2hvdyI6ImIxYTc2NjIifQ%3D%3D\" href='https:\/\/www.victor-veliz.com\/wp-content\/uploads\/2024\/11\/Rengoku-Color.jpg'><img decoding=\"async\" width=\"1920\" height=\"1080\" src=\"https:\/\/www.victor-veliz.com\/wp-content\/uploads\/2024\/11\/Rengoku-Color.jpg\" class=\"attachment-full size-full\" alt=\"\" srcset=\"https:\/\/www.victor-veliz.com\/wp-content\/uploads\/2024\/11\/Rengoku-Color.jpg 1920w, https:\/\/www.victor-veliz.com\/wp-content\/uploads\/2024\/11\/Rengoku-Color-300x169.jpg 300w, https:\/\/www.victor-veliz.com\/wp-content\/uploads\/2024\/11\/Rengoku-Color-1024x576.jpg 1024w, https:\/\/www.victor-veliz.com\/wp-content\/uploads\/2024\/11\/Rengoku-Color-768x432.jpg 768w, https:\/\/www.victor-veliz.com\/wp-content\/uploads\/2024\/11\/Rengoku-Color-1536x864.jpg 1536w, https:\/\/www.victor-veliz.com\/wp-content\/uploads\/2024\/11\/Rengoku-Color-500x281.jpg 500w, https:\/\/www.victor-veliz.com\/wp-content\/uploads\/2024\/11\/Rengoku-Color-800x450.jpg 800w, https:\/\/www.victor-veliz.com\/wp-content\/uploads\/2024\/11\/Rengoku-Color-1280x720.jpg 1280w\" sizes=\"(max-width: 1920px) 100vw, 1920px\" \/><\/a>\n\t\t\t<\/div><\/figure><figure class='gallery-item'>\n\t\t\t<div class='gallery-icon landscape'>\n\t\t\t\t<a data-elementor-open-lightbox=\"yes\" data-elementor-lightbox-slideshow=\"b1a7662\" data-e-action-hash=\"#elementor-action%3Aaction%3Dlightbox%26settings%3DeyJpZCI6ODQxLCJ1cmwiOiJodHRwczpcL1wvd3d3LnZpY3Rvci12ZWxpei5jb21cL3dwLWNvbnRlbnRcL3VwbG9hZHNcLzIwMjRcLzExXC9yZW5nb2t1LTE5MjB4MTA4MC0yLmpwZyIsInNsaWRlc2hvdyI6ImIxYTc2NjIifQ%3D%3D\" href='https:\/\/www.victor-veliz.com\/wp-content\/uploads\/2024\/11\/rengoku-1920x1080-2.jpg'><img loading=\"lazy\" decoding=\"async\" width=\"1920\" height=\"1080\" src=\"https:\/\/www.victor-veliz.com\/wp-content\/uploads\/2024\/11\/rengoku-1920x1080-2.jpg\" class=\"attachment-full size-full\" alt=\"\" srcset=\"https:\/\/www.victor-veliz.com\/wp-content\/uploads\/2024\/11\/rengoku-1920x1080-2.jpg 1920w, https:\/\/www.victor-veliz.com\/wp-content\/uploads\/2024\/11\/rengoku-1920x1080-2-300x169.jpg 300w, https:\/\/www.victor-veliz.com\/wp-content\/uploads\/2024\/11\/rengoku-1920x1080-2-1024x576.jpg 1024w, https:\/\/www.victor-veliz.com\/wp-content\/uploads\/2024\/11\/rengoku-1920x1080-2-768x432.jpg 768w, https:\/\/www.victor-veliz.com\/wp-content\/uploads\/2024\/11\/rengoku-1920x1080-2-1536x864.jpg 1536w, https:\/\/www.victor-veliz.com\/wp-content\/uploads\/2024\/11\/rengoku-1920x1080-2-500x281.jpg 500w, https:\/\/www.victor-veliz.com\/wp-content\/uploads\/2024\/11\/rengoku-1920x1080-2-800x450.jpg 800w, https:\/\/www.victor-veliz.com\/wp-content\/uploads\/2024\/11\/rengoku-1920x1080-2-1280x720.jpg 1280w\" sizes=\"(max-width: 1920px) 100vw, 1920px\" \/><\/a>\n\t\t\t<\/div><\/figure>\n\t\t<\/div>\n\t\t<\/div>\n\t\t\t\t\t\t<\/div>\n\t\t\t\t<\/div>\n\t\t<div class=\"elementor-element elementor-element-5d3df5b e-con-full e-flex lakit-col-width-auto-no e-container e-con e-child\" data-id=\"5d3df5b\" data-element_type=\"container\" data-e-type=\"container\">\n\t\t\t\t<div class=\"elementor-element elementor-element-2696fae elementor-widget elementor-widget-heading\" data-id=\"2696fae\" data-element_type=\"widget\" data-e-type=\"widget\" data-widget_type=\"heading.default\">\n\t\t\t\t<div class=\"elementor-widget-container\">\n\t\t\t\t\t<h2 class=\"elementor-heading-title elementor-size-default\">Explorar M\u00e1s<\/h2>\t\t\t\t<\/div>\n\t\t\t\t<\/div>\n\t\t\t\t<\/div>\n\t\t<div class=\"elementor-element elementor-element-aae7e0a e-con-full e-flex lakit-col-width-auto-no e-container e-con e-child\" data-id=\"aae7e0a\" data-element_type=\"container\" data-e-type=\"container\">\n\t\t\t\t<div class=\"elementor-element elementor-element-2202e7d elementor-grid-eael-col-3 elementor-grid-tablet-eael-col-2 elementor-grid-mobile-eael-col-1 elementor-widget elementor-widget-eael-post-grid\" data-id=\"2202e7d\" data-element_type=\"widget\" data-e-type=\"widget\" data-settings=\"{&quot;eael_post_grid_columns&quot;:&quot;eael-col-3&quot;,&quot;eael_post_grid_columns_tablet&quot;:&quot;eael-col-2&quot;,&quot;eael_post_grid_columns_mobile&quot;:&quot;eael-col-1&quot;}\" data-widget_type=\"eael-post-grid.default\">\n\t\t\t\t<div class=\"elementor-widget-container\">\n\t\t\t\t\t<div id=\"eael-post-grid-2202e7d\" class=\"eael-post-grid-container\">\n            <div class=\"eael-post-grid eael-post-appender eael-post-appender-2202e7d eael-post-grid-style-one\" data-layout-mode=\"grid\"><article class=\"eael-grid-post  eael-post-grid-column eael-pg-post-869\" data-id=\"869\">\n        <div class=\"eael-grid-post-holder\">\n            <div class=\"eael-grid-post-holder-inner\"><div class=\"eael-entry-media\"><div class=\"eael-entry-overlay fade-in\"><i class=\"\" aria-hidden=\"true\"><\/i><a href=\"https:\/\/www.victor-veliz.com\/es\/jumpy-paws\/\"><\/a><\/div><div class=\"eael-entry-thumbnail\">\n                <img loading=\"lazy\" decoding=\"async\" width=\"1080\" height=\"1080\" src=\"https:\/\/www.victor-veliz.com\/wp-content\/uploads\/2024\/11\/Jumpy-Paws-featured.jpg\" class=\"attachment-full size-full wp-image-870\" alt=\"\" srcset=\"https:\/\/www.victor-veliz.com\/wp-content\/uploads\/2024\/11\/Jumpy-Paws-featured.jpg 1080w, https:\/\/www.victor-veliz.com\/wp-content\/uploads\/2024\/11\/Jumpy-Paws-featured-300x300.jpg 300w, https:\/\/www.victor-veliz.com\/wp-content\/uploads\/2024\/11\/Jumpy-Paws-featured-1024x1024.jpg 1024w, https:\/\/www.victor-veliz.com\/wp-content\/uploads\/2024\/11\/Jumpy-Paws-featured-150x150.jpg 150w, https:\/\/www.victor-veliz.com\/wp-content\/uploads\/2024\/11\/Jumpy-Paws-featured-768x768.jpg 768w, https:\/\/www.victor-veliz.com\/wp-content\/uploads\/2024\/11\/Jumpy-Paws-featured-500x500.jpg 500w, https:\/\/www.victor-veliz.com\/wp-content\/uploads\/2024\/11\/Jumpy-Paws-featured-800x800.jpg 800w\" sizes=\"(max-width: 1080px) 100vw, 1080px\" \/>\n            <\/div>\n        <\/div><div class=\"eael-entry-wrapper\"><header class=\"eael-entry-header\"><h2 class=\"eael-entry-title\"><a class=\"eael-grid-post-link\" href=\"https:\/\/www.victor-veliz.com\/es\/jumpy-paws\/\" title=\"Jumpy Paws\">Jumpy Paws<\/a><\/h2><\/header><\/div><\/div>\n        <\/div>\n    <\/article><article class=\"eael-grid-post  eael-post-grid-column eael-pg-post-688\" data-id=\"688\">\n        <div class=\"eael-grid-post-holder\">\n            <div class=\"eael-grid-post-holder-inner\"><div class=\"eael-entry-media\"><div class=\"eael-entry-overlay fade-in\"><i class=\"\" aria-hidden=\"true\"><\/i><a href=\"https:\/\/www.victor-veliz.com\/es\/david-tennant\/\"><\/a><\/div><div class=\"eael-entry-thumbnail\">\n                <img loading=\"lazy\" decoding=\"async\" width=\"1080\" height=\"1080\" src=\"https:\/\/www.victor-veliz.com\/wp-content\/uploads\/2024\/11\/David-Featured.jpg\" class=\"attachment-full size-full wp-image-689\" alt=\"\" srcset=\"https:\/\/www.victor-veliz.com\/wp-content\/uploads\/2024\/11\/David-Featured.jpg 1080w, https:\/\/www.victor-veliz.com\/wp-content\/uploads\/2024\/11\/David-Featured-300x300.jpg 300w, https:\/\/www.victor-veliz.com\/wp-content\/uploads\/2024\/11\/David-Featured-1024x1024.jpg 1024w, https:\/\/www.victor-veliz.com\/wp-content\/uploads\/2024\/11\/David-Featured-150x150.jpg 150w, https:\/\/www.victor-veliz.com\/wp-content\/uploads\/2024\/11\/David-Featured-768x768.jpg 768w, https:\/\/www.victor-veliz.com\/wp-content\/uploads\/2024\/11\/David-Featured-500x500.jpg 500w, https:\/\/www.victor-veliz.com\/wp-content\/uploads\/2024\/11\/David-Featured-800x800.jpg 800w\" sizes=\"(max-width: 1080px) 100vw, 1080px\" \/>\n            <\/div>\n        <\/div><div class=\"eael-entry-wrapper\"><header class=\"eael-entry-header\"><h2 class=\"eael-entry-title\"><a class=\"eael-grid-post-link\" href=\"https:\/\/www.victor-veliz.com\/es\/david-tennant\/\" title=\"David Tennant\">David Tennant<\/a><\/h2><\/header><\/div><\/div>\n        <\/div>\n    <\/article><article class=\"eael-grid-post  eael-post-grid-column eael-pg-post-749\" data-id=\"749\">\n        <div class=\"eael-grid-post-holder\">\n            <div class=\"eael-grid-post-holder-inner\"><div class=\"eael-entry-media\"><div class=\"eael-entry-overlay fade-in\"><i class=\"\" aria-hidden=\"true\"><\/i><a href=\"https:\/\/www.victor-veliz.com\/es\/ryuko\/\"><\/a><\/div><div class=\"eael-entry-thumbnail\">\n                <img loading=\"lazy\" decoding=\"async\" width=\"1080\" height=\"1080\" src=\"https:\/\/www.victor-veliz.com\/wp-content\/uploads\/2024\/11\/Ryuko-Featured.jpg\" class=\"attachment-full size-full wp-image-750\" alt=\"\" srcset=\"https:\/\/www.victor-veliz.com\/wp-content\/uploads\/2024\/11\/Ryuko-Featured.jpg 1080w, https:\/\/www.victor-veliz.com\/wp-content\/uploads\/2024\/11\/Ryuko-Featured-300x300.jpg 300w, https:\/\/www.victor-veliz.com\/wp-content\/uploads\/2024\/11\/Ryuko-Featured-1024x1024.jpg 1024w, https:\/\/www.victor-veliz.com\/wp-content\/uploads\/2024\/11\/Ryuko-Featured-150x150.jpg 150w, https:\/\/www.victor-veliz.com\/wp-content\/uploads\/2024\/11\/Ryuko-Featured-768x768.jpg 768w, https:\/\/www.victor-veliz.com\/wp-content\/uploads\/2024\/11\/Ryuko-Featured-500x500.jpg 500w, https:\/\/www.victor-veliz.com\/wp-content\/uploads\/2024\/11\/Ryuko-Featured-800x800.jpg 800w\" sizes=\"(max-width: 1080px) 100vw, 1080px\" \/>\n            <\/div>\n        <\/div><div class=\"eael-entry-wrapper\"><header class=\"eael-entry-header\"><h2 class=\"eael-entry-title\"><a class=\"eael-grid-post-link\" href=\"https:\/\/www.victor-veliz.com\/es\/ryuko\/\" title=\"Ryuko\">Ryuko<\/a><\/h2><\/header><\/div><\/div>\n        <\/div>\n    <\/article><\/div>\n            <div class=\"clearfix\"><\/div>\n        <\/div>            <div class=\"eael-load-more-button-wrap eael-force-hide\">\n                <button class=\"eael-load-more-button\" id=\"eael-load-more-btn-2202e7d\" data-widget-id=\"2202e7d\" data-widget=\"2202e7d\" data-page-id=\"838\" data-template=\"{&quot;dir&quot;:&quot;lite&quot;,&quot;file_name&quot;:&quot;one.php&quot;,&quot;name&quot;:&quot;Post-Grid&quot;}\" data-class=\"Essential_Addons_Elementor\\Elements\\Post_Grid\" data-layout=\"grid\" data-page=\"1\" data-args=\"orderby=rand&amp;order=desc&amp;ignore_sticky_posts=1&amp;post_status=publish&amp;posts_per_page=3&amp;offset=0&amp;post_type=page&amp;post__not_in%5B0%5D=19&amp;post__not_in%5B1%5D=838\" data-max-page=\"10\">\n                    <span class=\"eael-btn-loader button__loader\"><\/span>\n                    <span class=\"eael_load_more_text\">Carga M\u00e1s<\/span>\n                <\/button>\n            <\/div>\n            \t\t\t\t<\/div>\n\t\t\t\t<\/div>\n\t\t\t\t<\/div>\n\t\t\t\t<\/div>\n\t\t\t\t\t<\/div>\n\t\t\t\t<\/div>\n\t\t\t\t<\/div>","protected":false},"excerpt":{"rendered":"<p>Rengoku Year: 2024 Techniques: Digital Painting Category: Illustration Rengoku: Kimetsu no Yaiba I made this vibrant Rengoku piece, inspired by [&hellip;]<\/p>","protected":false},"author":1,"featured_media":839,"parent":0,"menu_order":0,"comment_status":"closed","ping_status":"closed","template":"elementor_header_footer","meta":{"site-sidebar-layout":"no-sidebar","site-content-layout":"","ast-site-content-layout":"full-width-container","site-content-style":"default","site-sidebar-style":"default","ast-global-header-display":"","ast-banner-title-visibility":"","ast-main-header-display":"","ast-hfb-above-header-display":"","ast-hfb-below-header-display":"","ast-hfb-mobile-header-display":"","site-post-title":"disabled","ast-breadcrumbs-content":"","ast-featured-img":"disabled","footer-sml-layout":"","theme-transparent-header-meta":"","adv-header-id-meta":"","stick-header-meta":"","header-above-stick-meta":"","header-main-stick-meta":"","header-below-stick-meta":"","astra-migrate-meta-layouts":"default","ast-page-background-enabled":"default","ast-page-background-meta":{"desktop":{"background-color":"var(--ast-global-color-4)","background-image":"","background-repeat":"repeat","background-position":"center center","background-size":"auto","background-attachment":"scroll","background-type":"","background-media":"","overlay-type":"","overlay-color":"","overlay-opacity":"","overlay-gradient":""},"tablet":{"background-color":"","background-image":"","background-repeat":"repeat","background-position":"center center","background-size":"auto","background-attachment":"scroll","background-type":"","background-media":"","overlay-type":"","overlay-color":"","overlay-opacity":"","overlay-gradient":""},"mobile":{"background-color":"","background-image":"","background-repeat":"repeat","background-position":"center center","background-size":"auto","background-attachment":"scroll","background-type":"","background-media":"","overlay-type":"","overlay-color":"","overlay-opacity":"","overlay-gradient":""}},"ast-content-background-meta":{"desktop":{"background-color":"var(--ast-global-color-5)","background-image":"","background-repeat":"repeat","background-position":"center center","background-size":"auto","background-attachment":"scroll","background-type":"","background-media":"","overlay-type":"","overlay-color":"","overlay-opacity":"","overlay-gradient":""},"tablet":{"background-color":"var(--ast-global-color-5)","background-image":"","background-repeat":"repeat","background-position":"center center","background-size":"auto","background-attachment":"scroll","background-type":"","background-media":"","overlay-type":"","overlay-color":"","overlay-opacity":"","overlay-gradient":""},"mobile":{"background-color":"var(--ast-global-color-5)","background-image":"","background-repeat":"repeat","background-position":"center center","background-size":"auto","background-attachment":"scroll","background-type":"","background-media":"","overlay-type":"","overlay-color":"","overlay-opacity":"","overlay-gradient":""}},"_vp_format_video_url":"","_vp_image_focal_point":[],"footnotes":""},"class_list":["post-838","page","type-page","status-publish","has-post-thumbnail","hentry"],"_links":{"self":[{"href":"https:\/\/www.victor-veliz.com\/es\/wp-json\/wp\/v2\/pages\/838","targetHints":{"allow":["GET"]}}],"collection":[{"href":"https:\/\/www.victor-veliz.com\/es\/wp-json\/wp\/v2\/pages"}],"about":[{"href":"https:\/\/www.victor-veliz.com\/es\/wp-json\/wp\/v2\/types\/page"}],"author":[{"embeddable":true,"href":"https:\/\/www.victor-veliz.com\/es\/wp-json\/wp\/v2\/users\/1"}],"replies":[{"embeddable":true,"href":"https:\/\/www.victor-veliz.com\/es\/wp-json\/wp\/v2\/comments?post=838"}],"version-history":[{"count":10,"href":"https:\/\/www.victor-veliz.com\/es\/wp-json\/wp\/v2\/pages\/838\/revisions"}],"predecessor-version":[{"id":1595,"href":"https:\/\/www.victor-veliz.com\/es\/wp-json\/wp\/v2\/pages\/838\/revisions\/1595"}],"wp:featuredmedia":[{"embeddable":true,"href":"https:\/\/www.victor-veliz.com\/es\/wp-json\/wp\/v2\/media\/839"}],"wp:attachment":[{"href":"https:\/\/www.victor-veliz.com\/es\/wp-json\/wp\/v2\/media?parent=838"}],"curies":[{"name":"wp","href":"https:\/\/api.w.org\/{rel}","templated":true}]}}