{"id":1761,"date":"2025-12-02T21:28:47","date_gmt":"2025-12-03T00:28:47","guid":{"rendered":"https:\/\/www.victor-veliz.com\/?page_id=1761"},"modified":"2025-12-02T21:36:37","modified_gmt":"2025-12-03T00:36:37","slug":"chucaotech","status":"publish","type":"page","link":"https:\/\/www.victor-veliz.com\/es\/chucaotech\/","title":{"rendered":"ChucaoTech"},"content":{"rendered":"<div data-elementor-type=\"wp-page\" data-elementor-id=\"1761\" class=\"elementor elementor-1761\">\n\t\t\t\t<div class=\"elementor-element elementor-element-fa47571 e-flex e-con-boxed lakit-col-width-auto-no e-container e-root-container elementor-top-section e-con e-parent\" data-id=\"fa47571\" data-element_type=\"container\" data-e-type=\"container\" data-settings=\"{&quot;background_background&quot;:&quot;classic&quot;}\">\n\t\t\t\t\t<div class=\"e-con-inner\">\n\t\t\t\t<div class=\"elementor-element elementor-element-c9bbd12 elementor-widget elementor-widget-heading\" data-id=\"c9bbd12\" data-element_type=\"widget\" data-e-type=\"widget\" data-widget_type=\"heading.default\">\n\t\t\t\t<div class=\"elementor-widget-container\">\n\t\t\t\t\t<h2 class=\"elementor-heading-title elementor-size-default\">ChucaoTech<\/h2>\t\t\t\t<\/div>\n\t\t\t\t<\/div>\n\t\t\t\t<div class=\"elementor-element elementor-element-a0a26d2 elementor-widget elementor-widget-text-editor\" data-id=\"a0a26d2\" data-element_type=\"widget\" data-e-type=\"widget\" data-widget_type=\"text-editor.default\">\n\t\t\t\t<div class=\"elementor-widget-container\">\n\t\t\t\t\t\t\t\t\t<p>Nanoburbujas de la Patagonia<\/p>\t\t\t\t\t\t\t\t<\/div>\n\t\t\t\t<\/div>\n\t\t\t\t\t<\/div>\n\t\t\t\t<\/div>\n\t\t<div class=\"elementor-element elementor-element-9199e30 e-flex e-con-boxed lakit-col-width-auto-no e-container e-root-container elementor-top-section e-con e-parent\" data-id=\"9199e30\" data-element_type=\"container\" data-e-type=\"container\" data-settings=\"{&quot;background_background&quot;:&quot;classic&quot;}\">\n\t\t\t\t\t<div class=\"e-con-inner\">\n\t\t\t\t<div class=\"elementor-element elementor-element-fda977d elementor-widget elementor-widget-image\" data-id=\"fda977d\" data-element_type=\"widget\" data-e-type=\"widget\" data-widget_type=\"image.default\">\n\t\t\t\t<div class=\"elementor-widget-container\">\n\t\t\t\t\t\t\t\t\t\t\t\t\t\t\t<img fetchpriority=\"high\" decoding=\"async\" width=\"1920\" height=\"1080\" src=\"https:\/\/www.victor-veliz.com\/wp-content\/uploads\/2025\/12\/ChucaoTech-Header-img.png\" class=\"attachment-full size-full wp-image-1767\" alt=\"\" srcset=\"https:\/\/www.victor-veliz.com\/wp-content\/uploads\/2025\/12\/ChucaoTech-Header-img.png 1920w, https:\/\/www.victor-veliz.com\/wp-content\/uploads\/2025\/12\/ChucaoTech-Header-img-300x169.png 300w, https:\/\/www.victor-veliz.com\/wp-content\/uploads\/2025\/12\/ChucaoTech-Header-img-1024x576.png 1024w, https:\/\/www.victor-veliz.com\/wp-content\/uploads\/2025\/12\/ChucaoTech-Header-img-768x432.png 768w, https:\/\/www.victor-veliz.com\/wp-content\/uploads\/2025\/12\/ChucaoTech-Header-img-1536x864.png 1536w, https:\/\/www.victor-veliz.com\/wp-content\/uploads\/2025\/12\/ChucaoTech-Header-img-18x10.png 18w, https:\/\/www.victor-veliz.com\/wp-content\/uploads\/2025\/12\/ChucaoTech-Header-img-500x281.png 500w, https:\/\/www.victor-veliz.com\/wp-content\/uploads\/2025\/12\/ChucaoTech-Header-img-800x450.png 800w, https:\/\/www.victor-veliz.com\/wp-content\/uploads\/2025\/12\/ChucaoTech-Header-img-1280x720.png 1280w\" sizes=\"(max-width: 1920px) 100vw, 1920px\" \/>\t\t\t\t\t\t\t\t\t\t\t\t\t\t\t<\/div>\n\t\t\t\t<\/div>\n\t\t\t\t\t<\/div>\n\t\t\t\t<\/div>\n\t\t<div class=\"elementor-element elementor-element-b4fe321 e-flex e-con-boxed lakit-col-width-auto-no e-container e-root-container elementor-top-section e-con e-parent\" data-id=\"b4fe321\" data-element_type=\"container\" data-e-type=\"container\">\n\t\t\t\t\t<div class=\"e-con-inner\">\n\t\t<div class=\"elementor-element elementor-element-8fc829b e-con-full e-flex lakit-col-width-auto-no e-container e-con e-child\" data-id=\"8fc829b\" data-element_type=\"container\" data-e-type=\"container\">\n\t\t\t\t<div class=\"elementor-element elementor-element-7626322 elementor-widget elementor-widget-text-editor\" data-id=\"7626322\" data-element_type=\"widget\" data-e-type=\"widget\" data-settings=\"{&quot;sticky&quot;:&quot;top&quot;,&quot;sticky_offset&quot;:150,&quot;sticky_on&quot;:[&quot;desktop&quot;,&quot;tablet&quot;],&quot;sticky_effects_offset&quot;:0}\" data-widget_type=\"text-editor.default\">\n\t\t\t\t<div class=\"elementor-widget-container\">\n\t\t\t\t\t\t\t\t\t<p><span style=\"color: #666666;\"><strong>A\u00f1o:<\/strong> 2025<\/span><\/p><p><span style=\"color: #666666;\"><strong>Cliente:<\/strong> <span style=\"color: #8493bd;\"><a style=\"color: #8493bd;\" href=\"https:\/\/chucaotech.com\/en\/\" target=\"_blank\" rel=\"noopener\">ChucaoTech<\/a><\/span><\/span><\/p><p><span style=\"color: #666666;\"><strong>Tareas:<\/strong> Dise\u00f1ador de interfaz de usuario, Desarrollador Web<\/span><\/p><p><span style=\"color: #333333;\"><span style=\"color: #8493bd;\"><span style=\"color: #666666;\"><strong>Categor\u00eda: <\/strong>Web<\/span><\/span><\/span><\/p>\t\t\t\t\t\t\t\t<\/div>\n\t\t\t\t<\/div>\n\t\t\t\t<\/div>\n\t\t<div class=\"elementor-element elementor-element-0d62731 e-con-full e-flex lakit-col-width-auto-no e-container e-con e-child\" data-id=\"0d62731\" data-element_type=\"container\" data-e-type=\"container\">\n\t\t\t\t<div class=\"elementor-element elementor-element-dc424dd elementor-widget elementor-widget-heading\" data-id=\"dc424dd\" data-element_type=\"widget\" data-e-type=\"widget\" data-widget_type=\"heading.default\">\n\t\t\t\t<div class=\"elementor-widget-container\">\n\t\t\t\t\t<h2 class=\"elementor-heading-title elementor-size-default\">ChucaoTech<\/h2>\t\t\t\t<\/div>\n\t\t\t\t<\/div>\n\t\t\t\t<div class=\"elementor-element elementor-element-9b50bce elementor-widget elementor-widget-text-editor\" data-id=\"9b50bce\" data-element_type=\"widget\" data-e-type=\"widget\" data-widget_type=\"text-editor.default\">\n\t\t\t\t<div class=\"elementor-widget-container\">\n\t\t\t\t\t\t\t\t\t<p data-start=\"1042\" data-end=\"1405\">En <span style=\"color: #8493bd;\"><a style=\"color: #8493bd;\" href=\"https:\/\/chucaotech.com\/\" target=\"_blank\" rel=\"noopener\">ChucaoTech<\/a><\/span>, desarroll\u00e9 el sitio web completo desde la arquitectura inicial hasta su implementaci\u00f3n final en WordPress y Elementor, trabajando en versiones tanto en espa\u00f1ol como en ingl\u00e9s. El proceso comenz\u00f3 con la creaci\u00f3n del mapa del sitio y el dise\u00f1o de los mockups, asegurando que la estructura y la experiencia de usuario comunicaran de manera clara el valor tecnol\u00f3gico de la marca.<\/p><p data-start=\"1407\" data-end=\"1832\">Uno de los principales desaf\u00edos del proyecto fue comprender en profundidad el rubro de las nanoburbujas: sus aplicaciones, sus beneficios, los distintos productos asociados y sus especificaciones t\u00e9cnicas, as\u00ed como las industrias donde esta tecnolog\u00eda puede generar impacto. Este entendimiento nos permiti\u00f3 traducir conceptos altamente t\u00e9cnicos en una web accesible, visualmente ordenada y alineada con los objetivos comerciales de la empresa.<\/p>\t\t\t\t\t\t\t\t<\/div>\n\t\t\t\t<\/div>\n\t\t\t\t<div class=\"elementor-element elementor-element-b1a7662 gallery-spacing-custom elementor-widget elementor-widget-image-gallery\" data-id=\"b1a7662\" data-element_type=\"widget\" data-e-type=\"widget\" data-widget_type=\"image-gallery.default\">\n\t\t\t\t<div class=\"elementor-widget-container\">\n\t\t\t\t\t\t\t<div class=\"elementor-image-gallery\">\n\t\t\t<div id='gallery-1' class='gallery galleryid-1761 gallery-columns-1 gallery-size-full'><figure class='gallery-item'>\n\t\t\t<div class='gallery-icon landscape'>\n\t\t\t\t<a data-elementor-open-lightbox=\"yes\" data-elementor-lightbox-slideshow=\"b1a7662\" data-e-action-hash=\"#elementor-action%3Aaction%3Dlightbox%26settings%3DeyJpZCI6MTc2OCwidXJsIjoiaHR0cHM6XC9cL3d3dy52aWN0b3ItdmVsaXouY29tXC93cC1jb250ZW50XC91cGxvYWRzXC8yMDI1XC8xMlwvQ2h1Y2FvVGVjaC1pbWctMDEuanBnIiwic2xpZGVzaG93IjoiYjFhNzY2MiJ9\" href='https:\/\/www.victor-veliz.com\/wp-content\/uploads\/2025\/12\/ChucaoTech-img-01.jpg'><img decoding=\"async\" width=\"1920\" height=\"1080\" src=\"https:\/\/www.victor-veliz.com\/wp-content\/uploads\/2025\/12\/ChucaoTech-img-01.jpg\" class=\"attachment-full size-full\" alt=\"\" srcset=\"https:\/\/www.victor-veliz.com\/wp-content\/uploads\/2025\/12\/ChucaoTech-img-01.jpg 1920w, https:\/\/www.victor-veliz.com\/wp-content\/uploads\/2025\/12\/ChucaoTech-img-01-300x169.jpg 300w, https:\/\/www.victor-veliz.com\/wp-content\/uploads\/2025\/12\/ChucaoTech-img-01-1024x576.jpg 1024w, https:\/\/www.victor-veliz.com\/wp-content\/uploads\/2025\/12\/ChucaoTech-img-01-768x432.jpg 768w, https:\/\/www.victor-veliz.com\/wp-content\/uploads\/2025\/12\/ChucaoTech-img-01-1536x864.jpg 1536w, https:\/\/www.victor-veliz.com\/wp-content\/uploads\/2025\/12\/ChucaoTech-img-01-18x10.jpg 18w, https:\/\/www.victor-veliz.com\/wp-content\/uploads\/2025\/12\/ChucaoTech-img-01-500x281.jpg 500w, https:\/\/www.victor-veliz.com\/wp-content\/uploads\/2025\/12\/ChucaoTech-img-01-800x450.jpg 800w, https:\/\/www.victor-veliz.com\/wp-content\/uploads\/2025\/12\/ChucaoTech-img-01-1280x720.jpg 1280w\" sizes=\"(max-width: 1920px) 100vw, 1920px\" \/><\/a>\n\t\t\t<\/div><\/figure><figure class='gallery-item'>\n\t\t\t<div class='gallery-icon landscape'>\n\t\t\t\t<a data-elementor-open-lightbox=\"yes\" data-elementor-lightbox-slideshow=\"b1a7662\" data-e-action-hash=\"#elementor-action%3Aaction%3Dlightbox%26settings%3DeyJpZCI6MTc2OSwidXJsIjoiaHR0cHM6XC9cL3d3dy52aWN0b3ItdmVsaXouY29tXC93cC1jb250ZW50XC91cGxvYWRzXC8yMDI1XC8xMlwvQ2h1Y2FvVGVjaC1pbWctMDIuanBnIiwic2xpZGVzaG93IjoiYjFhNzY2MiJ9\" href='https:\/\/www.victor-veliz.com\/wp-content\/uploads\/2025\/12\/ChucaoTech-img-02.jpg'><img decoding=\"async\" width=\"1920\" height=\"1080\" src=\"https:\/\/www.victor-veliz.com\/wp-content\/uploads\/2025\/12\/ChucaoTech-img-02.jpg\" class=\"attachment-full size-full\" alt=\"\" srcset=\"https:\/\/www.victor-veliz.com\/wp-content\/uploads\/2025\/12\/ChucaoTech-img-02.jpg 1920w, https:\/\/www.victor-veliz.com\/wp-content\/uploads\/2025\/12\/ChucaoTech-img-02-300x169.jpg 300w, https:\/\/www.victor-veliz.com\/wp-content\/uploads\/2025\/12\/ChucaoTech-img-02-1024x576.jpg 1024w, https:\/\/www.victor-veliz.com\/wp-content\/uploads\/2025\/12\/ChucaoTech-img-02-768x432.jpg 768w, https:\/\/www.victor-veliz.com\/wp-content\/uploads\/2025\/12\/ChucaoTech-img-02-1536x864.jpg 1536w, https:\/\/www.victor-veliz.com\/wp-content\/uploads\/2025\/12\/ChucaoTech-img-02-18x10.jpg 18w, https:\/\/www.victor-veliz.com\/wp-content\/uploads\/2025\/12\/ChucaoTech-img-02-500x281.jpg 500w, https:\/\/www.victor-veliz.com\/wp-content\/uploads\/2025\/12\/ChucaoTech-img-02-800x450.jpg 800w, https:\/\/www.victor-veliz.com\/wp-content\/uploads\/2025\/12\/ChucaoTech-img-02-1280x720.jpg 1280w\" sizes=\"(max-width: 1920px) 100vw, 1920px\" \/><\/a>\n\t\t\t<\/div><\/figure><figure class='gallery-item'>\n\t\t\t<div class='gallery-icon landscape'>\n\t\t\t\t<a data-elementor-open-lightbox=\"yes\" data-elementor-lightbox-slideshow=\"b1a7662\" data-e-action-hash=\"#elementor-action%3Aaction%3Dlightbox%26settings%3DeyJpZCI6MTc3MCwidXJsIjoiaHR0cHM6XC9cL3d3dy52aWN0b3ItdmVsaXouY29tXC93cC1jb250ZW50XC91cGxvYWRzXC8yMDI1XC8xMlwvQ2h1Y2FvVGVjaC1pbWctMDMuanBnIiwic2xpZGVzaG93IjoiYjFhNzY2MiJ9\" href='https:\/\/www.victor-veliz.com\/wp-content\/uploads\/2025\/12\/ChucaoTech-img-03.jpg'><img loading=\"lazy\" decoding=\"async\" width=\"1920\" height=\"1080\" src=\"https:\/\/www.victor-veliz.com\/wp-content\/uploads\/2025\/12\/ChucaoTech-img-03.jpg\" class=\"attachment-full size-full\" alt=\"\" srcset=\"https:\/\/www.victor-veliz.com\/wp-content\/uploads\/2025\/12\/ChucaoTech-img-03.jpg 1920w, https:\/\/www.victor-veliz.com\/wp-content\/uploads\/2025\/12\/ChucaoTech-img-03-300x169.jpg 300w, https:\/\/www.victor-veliz.com\/wp-content\/uploads\/2025\/12\/ChucaoTech-img-03-1024x576.jpg 1024w, https:\/\/www.victor-veliz.com\/wp-content\/uploads\/2025\/12\/ChucaoTech-img-03-768x432.jpg 768w, https:\/\/www.victor-veliz.com\/wp-content\/uploads\/2025\/12\/ChucaoTech-img-03-1536x864.jpg 1536w, https:\/\/www.victor-veliz.com\/wp-content\/uploads\/2025\/12\/ChucaoTech-img-03-18x10.jpg 18w, https:\/\/www.victor-veliz.com\/wp-content\/uploads\/2025\/12\/ChucaoTech-img-03-500x281.jpg 500w, https:\/\/www.victor-veliz.com\/wp-content\/uploads\/2025\/12\/ChucaoTech-img-03-800x450.jpg 800w, https:\/\/www.victor-veliz.com\/wp-content\/uploads\/2025\/12\/ChucaoTech-img-03-1280x720.jpg 1280w\" sizes=\"(max-width: 1920px) 100vw, 1920px\" \/><\/a>\n\t\t\t<\/div><\/figure><figure class='gallery-item'>\n\t\t\t<div class='gallery-icon landscape'>\n\t\t\t\t<a data-elementor-open-lightbox=\"yes\" data-elementor-lightbox-slideshow=\"b1a7662\" data-e-action-hash=\"#elementor-action%3Aaction%3Dlightbox%26settings%3DeyJpZCI6MTc3MSwidXJsIjoiaHR0cHM6XC9cL3d3dy52aWN0b3ItdmVsaXouY29tXC93cC1jb250ZW50XC91cGxvYWRzXC8yMDI1XC8xMlwvQ2h1Y2FvVGVjaC1pbWctMDQuanBnIiwic2xpZGVzaG93IjoiYjFhNzY2MiJ9\" href='https:\/\/www.victor-veliz.com\/wp-content\/uploads\/2025\/12\/ChucaoTech-img-04.jpg'><img loading=\"lazy\" decoding=\"async\" width=\"1920\" height=\"1080\" src=\"https:\/\/www.victor-veliz.com\/wp-content\/uploads\/2025\/12\/ChucaoTech-img-04.jpg\" class=\"attachment-full size-full\" alt=\"\" srcset=\"https:\/\/www.victor-veliz.com\/wp-content\/uploads\/2025\/12\/ChucaoTech-img-04.jpg 1920w, https:\/\/www.victor-veliz.com\/wp-content\/uploads\/2025\/12\/ChucaoTech-img-04-300x169.jpg 300w, https:\/\/www.victor-veliz.com\/wp-content\/uploads\/2025\/12\/ChucaoTech-img-04-1024x576.jpg 1024w, https:\/\/www.victor-veliz.com\/wp-content\/uploads\/2025\/12\/ChucaoTech-img-04-768x432.jpg 768w, https:\/\/www.victor-veliz.com\/wp-content\/uploads\/2025\/12\/ChucaoTech-img-04-1536x864.jpg 1536w, https:\/\/www.victor-veliz.com\/wp-content\/uploads\/2025\/12\/ChucaoTech-img-04-18x10.jpg 18w, https:\/\/www.victor-veliz.com\/wp-content\/uploads\/2025\/12\/ChucaoTech-img-04-500x281.jpg 500w, https:\/\/www.victor-veliz.com\/wp-content\/uploads\/2025\/12\/ChucaoTech-img-04-800x450.jpg 800w, https:\/\/www.victor-veliz.com\/wp-content\/uploads\/2025\/12\/ChucaoTech-img-04-1280x720.jpg 1280w\" sizes=\"(max-width: 1920px) 100vw, 1920px\" \/><\/a>\n\t\t\t<\/div><\/figure>\n\t\t<\/div>\n\t\t<\/div>\n\t\t\t\t\t\t<\/div>\n\t\t\t\t<\/div>\n\t\t<div class=\"elementor-element elementor-element-5d3df5b e-con-full e-flex lakit-col-width-auto-no e-container e-con e-child\" data-id=\"5d3df5b\" data-element_type=\"container\" data-e-type=\"container\">\n\t\t\t\t<div class=\"elementor-element elementor-element-2696fae elementor-widget elementor-widget-heading\" data-id=\"2696fae\" data-element_type=\"widget\" data-e-type=\"widget\" data-widget_type=\"heading.default\">\n\t\t\t\t<div class=\"elementor-widget-container\">\n\t\t\t\t\t<h2 class=\"elementor-heading-title elementor-size-default\">Explorar M\u00e1s<\/h2>\t\t\t\t<\/div>\n\t\t\t\t<\/div>\n\t\t\t\t<\/div>\n\t\t<div class=\"elementor-element elementor-element-d34c243 e-con-full e-flex lakit-col-width-auto-no e-container e-con e-child\" data-id=\"d34c243\" data-element_type=\"container\" data-e-type=\"container\">\n\t\t\t\t<div class=\"elementor-element elementor-element-7d68e93 elementor-grid-eael-col-3 elementor-grid-tablet-eael-col-2 elementor-grid-mobile-eael-col-1 elementor-widget elementor-widget-eael-post-grid\" data-id=\"7d68e93\" data-element_type=\"widget\" data-e-type=\"widget\" data-settings=\"{&quot;eael_post_grid_columns&quot;:&quot;eael-col-3&quot;,&quot;eael_post_grid_columns_tablet&quot;:&quot;eael-col-2&quot;,&quot;eael_post_grid_columns_mobile&quot;:&quot;eael-col-1&quot;}\" data-widget_type=\"eael-post-grid.default\">\n\t\t\t\t<div class=\"elementor-widget-container\">\n\t\t\t\t\t<div id=\"eael-post-grid-7d68e93\" class=\"eael-post-grid-container\">\n            <div class=\"eael-post-grid eael-post-appender eael-post-appender-7d68e93 eael-post-grid-style-one\" data-layout-mode=\"grid\"><article class=\"eael-grid-post  eael-post-grid-column eael-pg-post-735\" data-id=\"735\">\n        <div class=\"eael-grid-post-holder\">\n            <div class=\"eael-grid-post-holder-inner\"><div class=\"eael-entry-media\"><div class=\"eael-entry-overlay fade-in\"><i class=\"\" aria-hidden=\"true\"><\/i><a href=\"https:\/\/www.victor-veliz.com\/es\/lavi\/\"><\/a><\/div><div class=\"eael-entry-thumbnail\">\n                <img loading=\"lazy\" decoding=\"async\" width=\"1080\" height=\"1080\" src=\"https:\/\/www.victor-veliz.com\/wp-content\/uploads\/2024\/11\/Lavi-Featured.jpg\" class=\"attachment-full size-full wp-image-736\" alt=\"\" srcset=\"https:\/\/www.victor-veliz.com\/wp-content\/uploads\/2024\/11\/Lavi-Featured.jpg 1080w, https:\/\/www.victor-veliz.com\/wp-content\/uploads\/2024\/11\/Lavi-Featured-300x300.jpg 300w, https:\/\/www.victor-veliz.com\/wp-content\/uploads\/2024\/11\/Lavi-Featured-1024x1024.jpg 1024w, https:\/\/www.victor-veliz.com\/wp-content\/uploads\/2024\/11\/Lavi-Featured-150x150.jpg 150w, https:\/\/www.victor-veliz.com\/wp-content\/uploads\/2024\/11\/Lavi-Featured-768x768.jpg 768w, https:\/\/www.victor-veliz.com\/wp-content\/uploads\/2024\/11\/Lavi-Featured-500x500.jpg 500w, https:\/\/www.victor-veliz.com\/wp-content\/uploads\/2024\/11\/Lavi-Featured-800x800.jpg 800w\" sizes=\"(max-width: 1080px) 100vw, 1080px\" \/>\n            <\/div>\n        <\/div><div class=\"eael-entry-wrapper\"><header class=\"eael-entry-header\"><h2 class=\"eael-entry-title\"><a class=\"eael-grid-post-link\" href=\"https:\/\/www.victor-veliz.com\/es\/lavi\/\" title=\"Lavi\">Lavi<\/a><\/h2><\/header><\/div><\/div>\n        <\/div>\n    <\/article><article class=\"eael-grid-post  eael-post-grid-column eael-pg-post-716\" data-id=\"716\">\n        <div class=\"eael-grid-post-holder\">\n            <div class=\"eael-grid-post-holder-inner\"><div class=\"eael-entry-media\"><div class=\"eael-entry-overlay fade-in\"><i class=\"\" aria-hidden=\"true\"><\/i><a href=\"https:\/\/www.victor-veliz.com\/es\/hyper-light-drifter\/\"><\/a><\/div><div class=\"eael-entry-thumbnail\">\n                <img loading=\"lazy\" decoding=\"async\" width=\"1080\" height=\"1080\" src=\"https:\/\/www.victor-veliz.com\/wp-content\/uploads\/2024\/11\/hld-featured.jpg\" class=\"attachment-full size-full wp-image-717\" alt=\"\" srcset=\"https:\/\/www.victor-veliz.com\/wp-content\/uploads\/2024\/11\/hld-featured.jpg 1080w, https:\/\/www.victor-veliz.com\/wp-content\/uploads\/2024\/11\/hld-featured-300x300.jpg 300w, https:\/\/www.victor-veliz.com\/wp-content\/uploads\/2024\/11\/hld-featured-1024x1024.jpg 1024w, https:\/\/www.victor-veliz.com\/wp-content\/uploads\/2024\/11\/hld-featured-150x150.jpg 150w, https:\/\/www.victor-veliz.com\/wp-content\/uploads\/2024\/11\/hld-featured-768x768.jpg 768w, https:\/\/www.victor-veliz.com\/wp-content\/uploads\/2024\/11\/hld-featured-500x500.jpg 500w, https:\/\/www.victor-veliz.com\/wp-content\/uploads\/2024\/11\/hld-featured-800x800.jpg 800w\" sizes=\"(max-width: 1080px) 100vw, 1080px\" \/>\n            <\/div>\n        <\/div><div class=\"eael-entry-wrapper\"><header class=\"eael-entry-header\"><h2 class=\"eael-entry-title\"><a class=\"eael-grid-post-link\" href=\"https:\/\/www.victor-veliz.com\/es\/hyper-light-drifter\/\" title=\"Hyper Light Drifter\">Hyper Light Drifter<\/a><\/h2><\/header><\/div><\/div>\n        <\/div>\n    <\/article><article class=\"eael-grid-post  eael-post-grid-column eael-pg-post-1761\" data-id=\"1761\">\n        <div class=\"eael-grid-post-holder\">\n            <div class=\"eael-grid-post-holder-inner\"><div class=\"eael-entry-media\"><div class=\"eael-entry-overlay fade-in\"><i class=\"\" aria-hidden=\"true\"><\/i><a href=\"https:\/\/www.victor-veliz.com\/es\/chucaotech\/\"><\/a><\/div><div class=\"eael-entry-thumbnail\">\n                <img loading=\"lazy\" decoding=\"async\" width=\"1080\" height=\"1080\" src=\"https:\/\/www.victor-veliz.com\/wp-content\/uploads\/2024\/11\/beic-featured.jpg\" class=\"attachment-full size-full wp-image-1033\" alt=\"\" srcset=\"https:\/\/www.victor-veliz.com\/wp-content\/uploads\/2024\/11\/beic-featured.jpg 1080w, https:\/\/www.victor-veliz.com\/wp-content\/uploads\/2024\/11\/beic-featured-300x300.jpg 300w, https:\/\/www.victor-veliz.com\/wp-content\/uploads\/2024\/11\/beic-featured-1024x1024.jpg 1024w, https:\/\/www.victor-veliz.com\/wp-content\/uploads\/2024\/11\/beic-featured-150x150.jpg 150w, https:\/\/www.victor-veliz.com\/wp-content\/uploads\/2024\/11\/beic-featured-768x768.jpg 768w, https:\/\/www.victor-veliz.com\/wp-content\/uploads\/2024\/11\/beic-featured-500x500.jpg 500w, https:\/\/www.victor-veliz.com\/wp-content\/uploads\/2024\/11\/beic-featured-800x800.jpg 800w\" sizes=\"(max-width: 1080px) 100vw, 1080px\" \/>\n            <\/div>\n        <\/div><div class=\"eael-entry-wrapper\"><header class=\"eael-entry-header\"><h2 class=\"eael-entry-title\"><a class=\"eael-grid-post-link\" href=\"https:\/\/www.victor-veliz.com\/es\/chucaotech\/\" title=\"ChucaoTech\">ChucaoTech<\/a><\/h2><\/header><\/div><\/div>\n        <\/div>\n    <\/article><\/div>\n            <div class=\"clearfix\"><\/div>\n        <\/div>            <div class=\"eael-load-more-button-wrap eael-force-hide\">\n                <button class=\"eael-load-more-button\" id=\"eael-load-more-btn-7d68e93\" data-widget-id=\"7d68e93\" data-widget=\"7d68e93\" data-page-id=\"1761\" data-template=\"{&quot;dir&quot;:&quot;lite&quot;,&quot;file_name&quot;:&quot;one.php&quot;,&quot;name&quot;:&quot;Post-Grid&quot;}\" data-class=\"Essential_Addons_Elementor\\Elements\\Post_Grid\" data-layout=\"grid\" data-page=\"1\" data-args=\"orderby=rand&amp;order=desc&amp;ignore_sticky_posts=1&amp;post_status=publish&amp;posts_per_page=3&amp;offset=0&amp;post_type=page&amp;post__not_in%5B0%5D=19&amp;post__not_in%5B1%5D=1032\" data-max-page=\"10\">\n                    <span class=\"eael-btn-loader button__loader\"><\/span>\n                    <span class=\"eael_load_more_text\">Carga M\u00e1s<\/span>\n                <\/button>\n            <\/div>\n            \t\t\t\t<\/div>\n\t\t\t\t<\/div>\n\t\t\t\t<\/div>\n\t\t\t\t<\/div>\n\t\t\t\t\t<\/div>\n\t\t\t\t<\/div>\n\t\t\t\t<\/div>","protected":false},"excerpt":{"rendered":"<p>ChucaoTech Nanobubbles from Patagonia Year: 2025 Client: ChucaoTech Tasks: UI Designer, Web Developer Category: Web ChucaoTech For ChucaoTech, I developed [&hellip;]<\/p>","protected":false},"author":1,"featured_media":1033,"parent":0,"menu_order":0,"comment_status":"closed","ping_status":"closed","template":"elementor_header_footer","meta":{"site-sidebar-layout":"no-sidebar","site-content-layout":"","ast-site-content-layout":"full-width-container","site-content-style":"default","site-sidebar-style":"default","ast-global-header-display":"","ast-banner-title-visibility":"","ast-main-header-display":"","ast-hfb-above-header-display":"","ast-hfb-below-header-display":"","ast-hfb-mobile-header-display":"","site-post-title":"disabled","ast-breadcrumbs-content":"","ast-featured-img":"disabled","footer-sml-layout":"","theme-transparent-header-meta":"","adv-header-id-meta":"","stick-header-meta":"","header-above-stick-meta":"","header-main-stick-meta":"","header-below-stick-meta":"","astra-migrate-meta-layouts":"default","ast-page-background-enabled":"default","ast-page-background-meta":{"desktop":{"background-color":"var(--ast-global-color-4)","background-image":"","background-repeat":"repeat","background-position":"center center","background-size":"auto","background-attachment":"scroll","background-type":"","background-media":"","overlay-type":"","overlay-color":"","overlay-opacity":"","overlay-gradient":""},"tablet":{"background-color":"","background-image":"","background-repeat":"repeat","background-position":"center center","background-size":"auto","background-attachment":"scroll","background-type":"","background-media":"","overlay-type":"","overlay-color":"","overlay-opacity":"","overlay-gradient":""},"mobile":{"background-color":"","background-image":"","background-repeat":"repeat","background-position":"center center","background-size":"auto","background-attachment":"scroll","background-type":"","background-media":"","overlay-type":"","overlay-color":"","overlay-opacity":"","overlay-gradient":""}},"ast-content-background-meta":{"desktop":{"background-color":"var(--ast-global-color-5)","background-image":"","background-repeat":"repeat","background-position":"center center","background-size":"auto","background-attachment":"scroll","background-type":"","background-media":"","overlay-type":"","overlay-color":"","overlay-opacity":"","overlay-gradient":""},"tablet":{"background-color":"var(--ast-global-color-5)","background-image":"","background-repeat":"repeat","background-position":"center center","background-size":"auto","background-attachment":"scroll","background-type":"","background-media":"","overlay-type":"","overlay-color":"","overlay-opacity":"","overlay-gradient":""},"mobile":{"background-color":"var(--ast-global-color-5)","background-image":"","background-repeat":"repeat","background-position":"center center","background-size":"auto","background-attachment":"scroll","background-type":"","background-media":"","overlay-type":"","overlay-color":"","overlay-opacity":"","overlay-gradient":""}},"_vp_format_video_url":"","_vp_image_focal_point":[],"footnotes":""},"class_list":["post-1761","page","type-page","status-publish","has-post-thumbnail","hentry"],"_links":{"self":[{"href":"https:\/\/www.victor-veliz.com\/es\/wp-json\/wp\/v2\/pages\/1761","targetHints":{"allow":["GET"]}}],"collection":[{"href":"https:\/\/www.victor-veliz.com\/es\/wp-json\/wp\/v2\/pages"}],"about":[{"href":"https:\/\/www.victor-veliz.com\/es\/wp-json\/wp\/v2\/types\/page"}],"author":[{"embeddable":true,"href":"https:\/\/www.victor-veliz.com\/es\/wp-json\/wp\/v2\/users\/1"}],"replies":[{"embeddable":true,"href":"https:\/\/www.victor-veliz.com\/es\/wp-json\/wp\/v2\/comments?post=1761"}],"version-history":[{"count":4,"href":"https:\/\/www.victor-veliz.com\/es\/wp-json\/wp\/v2\/pages\/1761\/revisions"}],"predecessor-version":[{"id":1774,"href":"https:\/\/www.victor-veliz.com\/es\/wp-json\/wp\/v2\/pages\/1761\/revisions\/1774"}],"wp:featuredmedia":[{"embeddable":true,"href":"https:\/\/www.victor-veliz.com\/es\/wp-json\/wp\/v2\/media\/1033"}],"wp:attachment":[{"href":"https:\/\/www.victor-veliz.com\/es\/wp-json\/wp\/v2\/media?parent=1761"}],"curies":[{"name":"wp","href":"https:\/\/api.w.org\/{rel}","templated":true}]}}