{"id":1032,"date":"2024-11-19T22:01:59","date_gmt":"2024-11-19T22:01:59","guid":{"rendered":"https:\/\/www.victor-veliz.com\/?page_id=1032"},"modified":"2024-12-02T14:40:30","modified_gmt":"2024-12-02T17:40:30","slug":"beic","status":"publish","type":"page","link":"https:\/\/www.victor-veliz.com\/es\/beic\/","title":{"rendered":"BEIC"},"content":{"rendered":"<div data-elementor-type=\"wp-page\" data-elementor-id=\"1032\" class=\"elementor elementor-1032\">\n\t\t\t\t<div class=\"elementor-element elementor-element-fa47571 e-flex e-con-boxed lakit-col-width-auto-no e-container e-root-container elementor-top-section e-con e-parent\" data-id=\"fa47571\" data-element_type=\"container\" data-e-type=\"container\" data-settings=\"{&quot;background_background&quot;:&quot;classic&quot;}\">\n\t\t\t\t\t<div class=\"e-con-inner\">\n\t\t\t\t<div class=\"elementor-element elementor-element-c9bbd12 elementor-widget elementor-widget-heading\" data-id=\"c9bbd12\" data-element_type=\"widget\" data-e-type=\"widget\" data-widget_type=\"heading.default\">\n\t\t\t\t<div class=\"elementor-widget-container\">\n\t\t\t\t\t<h2 class=\"elementor-heading-title elementor-size-default\">BEIC<\/h2>\t\t\t\t<\/div>\n\t\t\t\t<\/div>\n\t\t\t\t<div class=\"elementor-element elementor-element-a0a26d2 elementor-widget elementor-widget-text-editor\" data-id=\"a0a26d2\" data-element_type=\"widget\" data-e-type=\"widget\" data-widget_type=\"text-editor.default\">\n\t\t\t\t<div class=\"elementor-widget-container\">\n\t\t\t\t\t\t\t\t\t<p>Principal acceso a informaci\u00f3n cient\u00edfica internacional para la comunidad STIC de Chile.<\/p>\t\t\t\t\t\t\t\t<\/div>\n\t\t\t\t<\/div>\n\t\t\t\t\t<\/div>\n\t\t\t\t<\/div>\n\t\t<div class=\"elementor-element elementor-element-9199e30 e-flex e-con-boxed lakit-col-width-auto-no e-container e-root-container elementor-top-section e-con e-parent\" data-id=\"9199e30\" data-element_type=\"container\" data-e-type=\"container\" data-settings=\"{&quot;background_background&quot;:&quot;classic&quot;}\">\n\t\t\t\t\t<div class=\"e-con-inner\">\n\t\t\t\t<div class=\"elementor-element elementor-element-fda977d elementor-widget elementor-widget-image\" data-id=\"fda977d\" data-element_type=\"widget\" data-e-type=\"widget\" data-widget_type=\"image.default\">\n\t\t\t\t<div class=\"elementor-widget-container\">\n\t\t\t\t\t\t\t\t\t\t\t\t\t\t\t<img fetchpriority=\"high\" decoding=\"async\" width=\"1034\" height=\"2560\" src=\"https:\/\/www.victor-veliz.com\/wp-content\/uploads\/2024\/11\/beic-home-scaled.jpg\" class=\"attachment-full size-full wp-image-1035\" alt=\"\" srcset=\"https:\/\/www.victor-veliz.com\/wp-content\/uploads\/2024\/11\/beic-home-scaled.jpg 1034w, https:\/\/www.victor-veliz.com\/wp-content\/uploads\/2024\/11\/beic-home-121x300.jpg 121w, https:\/\/www.victor-veliz.com\/wp-content\/uploads\/2024\/11\/beic-home-414x1024.jpg 414w, https:\/\/www.victor-veliz.com\/wp-content\/uploads\/2024\/11\/beic-home-768x1902.jpg 768w, https:\/\/www.victor-veliz.com\/wp-content\/uploads\/2024\/11\/beic-home-620x1536.jpg 620w, https:\/\/www.victor-veliz.com\/wp-content\/uploads\/2024\/11\/beic-home-827x2048.jpg 827w, https:\/\/www.victor-veliz.com\/wp-content\/uploads\/2024\/11\/beic-home-500x1238.jpg 500w, https:\/\/www.victor-veliz.com\/wp-content\/uploads\/2024\/11\/beic-home-800x1981.jpg 800w, https:\/\/www.victor-veliz.com\/wp-content\/uploads\/2024\/11\/beic-home-1280x3169.jpg 1280w\" sizes=\"(max-width: 1034px) 100vw, 1034px\" \/>\t\t\t\t\t\t\t\t\t\t\t\t\t\t\t<\/div>\n\t\t\t\t<\/div>\n\t\t\t\t\t<\/div>\n\t\t\t\t<\/div>\n\t\t<div class=\"elementor-element elementor-element-b4fe321 e-flex e-con-boxed lakit-col-width-auto-no e-container e-root-container elementor-top-section e-con e-parent\" data-id=\"b4fe321\" data-element_type=\"container\" data-e-type=\"container\">\n\t\t\t\t\t<div class=\"e-con-inner\">\n\t\t<div class=\"elementor-element elementor-element-8fc829b e-con-full e-flex lakit-col-width-auto-no e-container e-con e-child\" data-id=\"8fc829b\" data-element_type=\"container\" data-e-type=\"container\">\n\t\t\t\t<div class=\"elementor-element elementor-element-7626322 elementor-widget elementor-widget-text-editor\" data-id=\"7626322\" data-element_type=\"widget\" data-e-type=\"widget\" data-settings=\"{&quot;sticky&quot;:&quot;top&quot;,&quot;sticky_offset&quot;:150,&quot;sticky_on&quot;:[&quot;desktop&quot;,&quot;tablet&quot;],&quot;sticky_effects_offset&quot;:0}\" data-widget_type=\"text-editor.default\">\n\t\t\t\t<div class=\"elementor-widget-container\">\n\t\t\t\t\t\t\t\t\t<p><span style=\"color: #666666;\"><strong>A\u00f1o:<\/strong> 2022<\/span><\/p><p><span style=\"color: #666666;\"><strong>Cliente:<\/strong> <span style=\"color: #8493bd;\"><a style=\"color: #8493bd;\" href=\"https:\/\/beic.cl\/\" target=\"_blank\" rel=\"noopener\">BEIC<\/a><\/span><\/span><\/p><p><span style=\"color: #666666;\"><strong>Tareas:<\/strong> Dise\u00f1ador de interfaz de usuario, Desarrollador Web<\/span><\/p><p><span style=\"color: #333333;\"><span style=\"color: #8493bd;\"><span style=\"color: #666666;\"><strong>Categor\u00eda: <\/strong>Web<\/span><\/span><\/span><\/p>\t\t\t\t\t\t\t\t<\/div>\n\t\t\t\t<\/div>\n\t\t\t\t<\/div>\n\t\t<div class=\"elementor-element elementor-element-0d62731 e-con-full e-flex lakit-col-width-auto-no e-container e-con e-child\" data-id=\"0d62731\" data-element_type=\"container\" data-e-type=\"container\">\n\t\t\t\t<div class=\"elementor-element elementor-element-dc424dd elementor-widget elementor-widget-heading\" data-id=\"dc424dd\" data-element_type=\"widget\" data-e-type=\"widget\" data-widget_type=\"heading.default\">\n\t\t\t\t<div class=\"elementor-widget-container\">\n\t\t\t\t\t<h2 class=\"elementor-heading-title elementor-size-default\">BEIC<\/h2>\t\t\t\t<\/div>\n\t\t\t\t<\/div>\n\t\t\t\t<div class=\"elementor-element elementor-element-9b50bce elementor-widget elementor-widget-text-editor\" data-id=\"9b50bce\" data-element_type=\"widget\" data-e-type=\"widget\" data-widget_type=\"text-editor.default\">\n\t\t\t\t<div class=\"elementor-widget-container\">\n\t\t\t\t\t\t\t\t\t<p>Dise\u00f1\u00e9 maquetas detalladas en Figma y desarroll\u00e9 un sitio web completamente funcional para la Biblioteca Electr\u00f3nica de Informaci\u00f3n Cient\u00edfica (BEIC). Esta plataforma brinda acceso gratuito a literatura cient\u00edfica de alto costo para m\u00e1s de 100 instituciones chilenas, apoyando la investigaci\u00f3n en ciencia, tecnolog\u00eda e innovaci\u00f3n. <span style=\"color: #8493bd;\"><a style=\"color: #8493bd;\" href=\"https:\/\/beic.cl\/\" target=\"_blank\" rel=\"noopener\">Biblioteca electr\u00f3nica de Informaci\u00f3n Cient\u00edfica<\/a><\/span> (BEIC, por sus siglas en espa\u00f1ol). Esta plataforma ofrece acceso gratuito al alto costo de la literatura cient\u00edfica por m\u00e1s de 100 instituciones Chilenas, apoyando la investigaci\u00f3n en la ciencia, la tecnolog\u00eda y la innovaci\u00f3n.<\/p>\t\t\t\t\t\t\t\t<\/div>\n\t\t\t\t<\/div>\n\t\t\t\t<div class=\"elementor-element elementor-element-b1a7662 gallery-spacing-custom elementor-widget elementor-widget-image-gallery\" data-id=\"b1a7662\" data-element_type=\"widget\" data-e-type=\"widget\" data-widget_type=\"image-gallery.default\">\n\t\t\t\t<div class=\"elementor-widget-container\">\n\t\t\t\t\t\t\t<div class=\"elementor-image-gallery\">\n\t\t\t<div id='gallery-1' class='gallery galleryid-1032 gallery-columns-1 gallery-size-full'><figure class='gallery-item'>\n\t\t\t<div class='gallery-icon landscape'>\n\t\t\t\t<a data-elementor-open-lightbox=\"yes\" data-elementor-lightbox-slideshow=\"b1a7662\" data-e-action-hash=\"#elementor-action%3Aaction%3Dlightbox%26settings%3DeyJpZCI6MTAzNywidXJsIjoiaHR0cHM6XC9cL3d3dy52aWN0b3ItdmVsaXouY29tXC93cC1jb250ZW50XC91cGxvYWRzXC8yMDI0XC8xMVwvYmVpYy0xLmpwZyIsInNsaWRlc2hvdyI6ImIxYTc2NjIifQ%3D%3D\" href='https:\/\/www.victor-veliz.com\/wp-content\/uploads\/2024\/11\/beic-1.jpg'><img decoding=\"async\" width=\"1920\" height=\"1080\" src=\"https:\/\/www.victor-veliz.com\/wp-content\/uploads\/2024\/11\/beic-1.jpg\" class=\"attachment-full size-full\" alt=\"\" srcset=\"https:\/\/www.victor-veliz.com\/wp-content\/uploads\/2024\/11\/beic-1.jpg 1920w, https:\/\/www.victor-veliz.com\/wp-content\/uploads\/2024\/11\/beic-1-300x169.jpg 300w, https:\/\/www.victor-veliz.com\/wp-content\/uploads\/2024\/11\/beic-1-1024x576.jpg 1024w, https:\/\/www.victor-veliz.com\/wp-content\/uploads\/2024\/11\/beic-1-768x432.jpg 768w, https:\/\/www.victor-veliz.com\/wp-content\/uploads\/2024\/11\/beic-1-1536x864.jpg 1536w, https:\/\/www.victor-veliz.com\/wp-content\/uploads\/2024\/11\/beic-1-500x281.jpg 500w, https:\/\/www.victor-veliz.com\/wp-content\/uploads\/2024\/11\/beic-1-800x450.jpg 800w, https:\/\/www.victor-veliz.com\/wp-content\/uploads\/2024\/11\/beic-1-1280x720.jpg 1280w\" sizes=\"(max-width: 1920px) 100vw, 1920px\" \/><\/a>\n\t\t\t<\/div><\/figure><figure class='gallery-item'>\n\t\t\t<div class='gallery-icon landscape'>\n\t\t\t\t<a data-elementor-open-lightbox=\"yes\" data-elementor-lightbox-slideshow=\"b1a7662\" data-e-action-hash=\"#elementor-action%3Aaction%3Dlightbox%26settings%3DeyJpZCI6MTAzOCwidXJsIjoiaHR0cHM6XC9cL3d3dy52aWN0b3ItdmVsaXouY29tXC93cC1jb250ZW50XC91cGxvYWRzXC8yMDI0XC8xMVwvYmVpYy0yLmpwZyIsInNsaWRlc2hvdyI6ImIxYTc2NjIifQ%3D%3D\" href='https:\/\/www.victor-veliz.com\/wp-content\/uploads\/2024\/11\/beic-2.jpg'><img decoding=\"async\" width=\"1920\" height=\"1080\" src=\"https:\/\/www.victor-veliz.com\/wp-content\/uploads\/2024\/11\/beic-2.jpg\" class=\"attachment-full size-full\" alt=\"\" srcset=\"https:\/\/www.victor-veliz.com\/wp-content\/uploads\/2024\/11\/beic-2.jpg 1920w, https:\/\/www.victor-veliz.com\/wp-content\/uploads\/2024\/11\/beic-2-300x169.jpg 300w, https:\/\/www.victor-veliz.com\/wp-content\/uploads\/2024\/11\/beic-2-1024x576.jpg 1024w, https:\/\/www.victor-veliz.com\/wp-content\/uploads\/2024\/11\/beic-2-768x432.jpg 768w, https:\/\/www.victor-veliz.com\/wp-content\/uploads\/2024\/11\/beic-2-1536x864.jpg 1536w, https:\/\/www.victor-veliz.com\/wp-content\/uploads\/2024\/11\/beic-2-500x281.jpg 500w, https:\/\/www.victor-veliz.com\/wp-content\/uploads\/2024\/11\/beic-2-800x450.jpg 800w, https:\/\/www.victor-veliz.com\/wp-content\/uploads\/2024\/11\/beic-2-1280x720.jpg 1280w\" sizes=\"(max-width: 1920px) 100vw, 1920px\" \/><\/a>\n\t\t\t<\/div><\/figure>\n\t\t<\/div>\n\t\t<\/div>\n\t\t\t\t\t\t<\/div>\n\t\t\t\t<\/div>\n\t\t<div class=\"elementor-element elementor-element-5d3df5b e-con-full e-flex lakit-col-width-auto-no e-container e-con e-child\" data-id=\"5d3df5b\" data-element_type=\"container\" data-e-type=\"container\">\n\t\t\t\t<div class=\"elementor-element elementor-element-2696fae elementor-widget elementor-widget-heading\" data-id=\"2696fae\" data-element_type=\"widget\" data-e-type=\"widget\" data-widget_type=\"heading.default\">\n\t\t\t\t<div class=\"elementor-widget-container\">\n\t\t\t\t\t<h2 class=\"elementor-heading-title elementor-size-default\">Explorar M\u00e1s<\/h2>\t\t\t\t<\/div>\n\t\t\t\t<\/div>\n\t\t\t\t<\/div>\n\t\t<div class=\"elementor-element elementor-element-d34c243 e-con-full e-flex lakit-col-width-auto-no e-container e-con e-child\" data-id=\"d34c243\" data-element_type=\"container\" data-e-type=\"container\">\n\t\t\t\t<div class=\"elementor-element elementor-element-7d68e93 elementor-grid-eael-col-3 elementor-grid-tablet-eael-col-2 elementor-grid-mobile-eael-col-1 elementor-widget elementor-widget-eael-post-grid\" data-id=\"7d68e93\" data-element_type=\"widget\" data-e-type=\"widget\" data-settings=\"{&quot;eael_post_grid_columns&quot;:&quot;eael-col-3&quot;,&quot;eael_post_grid_columns_tablet&quot;:&quot;eael-col-2&quot;,&quot;eael_post_grid_columns_mobile&quot;:&quot;eael-col-1&quot;}\" data-widget_type=\"eael-post-grid.default\">\n\t\t\t\t<div class=\"elementor-widget-container\">\n\t\t\t\t\t<div id=\"eael-post-grid-7d68e93\" class=\"eael-post-grid-container\">\n            <div class=\"eael-post-grid eael-post-appender eael-post-appender-7d68e93 eael-post-grid-style-one\" data-layout-mode=\"grid\"><article class=\"eael-grid-post  eael-post-grid-column eael-pg-post-465\" data-id=\"465\">\n        <div class=\"eael-grid-post-holder\">\n            <div class=\"eael-grid-post-holder-inner\"><div class=\"eael-entry-media\"><div class=\"eael-entry-overlay fade-in\"><i class=\"\" aria-hidden=\"true\"><\/i><a href=\"https:\/\/www.victor-veliz.com\/es\/label-service\/\"><\/a><\/div><div class=\"eael-entry-thumbnail\">\n                <img loading=\"lazy\" decoding=\"async\" width=\"1080\" height=\"1080\" src=\"https:\/\/www.victor-veliz.com\/wp-content\/uploads\/2024\/11\/LyS-Featured.jpg\" class=\"attachment-full size-full wp-image-466\" alt=\"\" srcset=\"https:\/\/www.victor-veliz.com\/wp-content\/uploads\/2024\/11\/LyS-Featured.jpg 1080w, https:\/\/www.victor-veliz.com\/wp-content\/uploads\/2024\/11\/LyS-Featured-300x300.jpg 300w, https:\/\/www.victor-veliz.com\/wp-content\/uploads\/2024\/11\/LyS-Featured-1024x1024.jpg 1024w, https:\/\/www.victor-veliz.com\/wp-content\/uploads\/2024\/11\/LyS-Featured-150x150.jpg 150w, https:\/\/www.victor-veliz.com\/wp-content\/uploads\/2024\/11\/LyS-Featured-768x768.jpg 768w, https:\/\/www.victor-veliz.com\/wp-content\/uploads\/2024\/11\/LyS-Featured-500x500.jpg 500w, https:\/\/www.victor-veliz.com\/wp-content\/uploads\/2024\/11\/LyS-Featured-800x800.jpg 800w\" sizes=\"(max-width: 1080px) 100vw, 1080px\" \/>\n            <\/div>\n        <\/div><div class=\"eael-entry-wrapper\"><header class=\"eael-entry-header\"><h2 class=\"eael-entry-title\"><a class=\"eael-grid-post-link\" href=\"https:\/\/www.victor-veliz.com\/es\/label-service\/\" title=\"Etiqueta De Servicio Y\">Label &amp; Service<\/a><\/h2><\/header><\/div><\/div>\n        <\/div>\n    <\/article><article class=\"eael-grid-post  eael-post-grid-column eael-pg-post-1761\" data-id=\"1761\">\n        <div class=\"eael-grid-post-holder\">\n            <div class=\"eael-grid-post-holder-inner\"><div class=\"eael-entry-media\"><div class=\"eael-entry-overlay fade-in\"><i class=\"\" aria-hidden=\"true\"><\/i><a href=\"https:\/\/www.victor-veliz.com\/es\/chucaotech\/\"><\/a><\/div><div class=\"eael-entry-thumbnail\">\n                <img loading=\"lazy\" decoding=\"async\" width=\"1080\" height=\"1080\" src=\"https:\/\/www.victor-veliz.com\/wp-content\/uploads\/2024\/11\/beic-featured.jpg\" class=\"attachment-full size-full wp-image-1033\" alt=\"\" srcset=\"https:\/\/www.victor-veliz.com\/wp-content\/uploads\/2024\/11\/beic-featured.jpg 1080w, https:\/\/www.victor-veliz.com\/wp-content\/uploads\/2024\/11\/beic-featured-300x300.jpg 300w, https:\/\/www.victor-veliz.com\/wp-content\/uploads\/2024\/11\/beic-featured-1024x1024.jpg 1024w, https:\/\/www.victor-veliz.com\/wp-content\/uploads\/2024\/11\/beic-featured-150x150.jpg 150w, https:\/\/www.victor-veliz.com\/wp-content\/uploads\/2024\/11\/beic-featured-768x768.jpg 768w, https:\/\/www.victor-veliz.com\/wp-content\/uploads\/2024\/11\/beic-featured-500x500.jpg 500w, https:\/\/www.victor-veliz.com\/wp-content\/uploads\/2024\/11\/beic-featured-800x800.jpg 800w\" sizes=\"(max-width: 1080px) 100vw, 1080px\" \/>\n            <\/div>\n        <\/div><div class=\"eael-entry-wrapper\"><header class=\"eael-entry-header\"><h2 class=\"eael-entry-title\"><a class=\"eael-grid-post-link\" href=\"https:\/\/www.victor-veliz.com\/es\/chucaotech\/\" title=\"ChucaoTech\">ChucaoTech<\/a><\/h2><\/header><\/div><\/div>\n        <\/div>\n    <\/article><article class=\"eael-grid-post  eael-post-grid-column eael-pg-post-645\" data-id=\"645\">\n        <div class=\"eael-grid-post-holder\">\n            <div class=\"eael-grid-post-holder-inner\"><div class=\"eael-entry-media\"><div class=\"eael-entry-overlay fade-in\"><i class=\"\" aria-hidden=\"true\"><\/i><a href=\"https:\/\/www.victor-veliz.com\/es\/bakemono-no-ko\/\"><\/a><\/div><div class=\"eael-entry-thumbnail\">\n                <img loading=\"lazy\" decoding=\"async\" width=\"1080\" height=\"1080\" src=\"https:\/\/www.victor-veliz.com\/wp-content\/uploads\/2024\/11\/bakemono-featured.jpg\" class=\"attachment-full size-full wp-image-646\" alt=\"\" srcset=\"https:\/\/www.victor-veliz.com\/wp-content\/uploads\/2024\/11\/bakemono-featured.jpg 1080w, https:\/\/www.victor-veliz.com\/wp-content\/uploads\/2024\/11\/bakemono-featured-300x300.jpg 300w, https:\/\/www.victor-veliz.com\/wp-content\/uploads\/2024\/11\/bakemono-featured-1024x1024.jpg 1024w, https:\/\/www.victor-veliz.com\/wp-content\/uploads\/2024\/11\/bakemono-featured-150x150.jpg 150w, https:\/\/www.victor-veliz.com\/wp-content\/uploads\/2024\/11\/bakemono-featured-768x768.jpg 768w, https:\/\/www.victor-veliz.com\/wp-content\/uploads\/2024\/11\/bakemono-featured-500x500.jpg 500w, https:\/\/www.victor-veliz.com\/wp-content\/uploads\/2024\/11\/bakemono-featured-800x800.jpg 800w\" sizes=\"(max-width: 1080px) 100vw, 1080px\" \/>\n            <\/div>\n        <\/div><div class=\"eael-entry-wrapper\"><header class=\"eael-entry-header\"><h2 class=\"eael-entry-title\"><a class=\"eael-grid-post-link\" href=\"https:\/\/www.victor-veliz.com\/es\/bakemono-no-ko\/\" title=\"Bakemono no ko\">Bakemono no ko<\/a><\/h2><\/header><\/div><\/div>\n        <\/div>\n    <\/article><\/div>\n            <div class=\"clearfix\"><\/div>\n        <\/div>            <div class=\"eael-load-more-button-wrap eael-force-hide\">\n                <button class=\"eael-load-more-button\" id=\"eael-load-more-btn-7d68e93\" data-widget-id=\"7d68e93\" data-widget=\"7d68e93\" data-page-id=\"1032\" data-template=\"{&quot;dir&quot;:&quot;lite&quot;,&quot;file_name&quot;:&quot;one.php&quot;,&quot;name&quot;:&quot;Post-Grid&quot;}\" data-class=\"Essential_Addons_Elementor\\Elements\\Post_Grid\" data-layout=\"grid\" data-page=\"1\" data-args=\"orderby=rand&amp;order=desc&amp;ignore_sticky_posts=1&amp;post_status=publish&amp;posts_per_page=3&amp;offset=0&amp;post_type=page&amp;post__not_in%5B0%5D=19&amp;post__not_in%5B1%5D=1032\" data-max-page=\"10\">\n                    <span class=\"eael-btn-loader button__loader\"><\/span>\n                    <span class=\"eael_load_more_text\">Carga M\u00e1s<\/span>\n                <\/button>\n            <\/div>\n            \t\t\t\t<\/div>\n\t\t\t\t<\/div>\n\t\t\t\t<\/div>\n\t\t\t\t<\/div>\n\t\t\t\t\t<\/div>\n\t\t\t\t<\/div>\n\t\t\t\t<\/div>","protected":false},"excerpt":{"rendered":"<p>BEIC Main access to international scientific information for Chile&#8217;s STIC community. Year: 2022 Client: BEIC Tasks: UI Designer, Web Developer [&hellip;]<\/p>","protected":false},"author":1,"featured_media":1033,"parent":0,"menu_order":0,"comment_status":"closed","ping_status":"closed","template":"elementor_header_footer","meta":{"site-sidebar-layout":"no-sidebar","site-content-layout":"","ast-site-content-layout":"full-width-container","site-content-style":"default","site-sidebar-style":"default","ast-global-header-display":"","ast-banner-title-visibility":"","ast-main-header-display":"","ast-hfb-above-header-display":"","ast-hfb-below-header-display":"","ast-hfb-mobile-header-display":"","site-post-title":"disabled","ast-breadcrumbs-content":"","ast-featured-img":"disabled","footer-sml-layout":"","theme-transparent-header-meta":"","adv-header-id-meta":"","stick-header-meta":"","header-above-stick-meta":"","header-main-stick-meta":"","header-below-stick-meta":"","astra-migrate-meta-layouts":"default","ast-page-background-enabled":"default","ast-page-background-meta":{"desktop":{"background-color":"var(--ast-global-color-4)","background-image":"","background-repeat":"repeat","background-position":"center center","background-size":"auto","background-attachment":"scroll","background-type":"","background-media":"","overlay-type":"","overlay-color":"","overlay-opacity":"","overlay-gradient":""},"tablet":{"background-color":"","background-image":"","background-repeat":"repeat","background-position":"center center","background-size":"auto","background-attachment":"scroll","background-type":"","background-media":"","overlay-type":"","overlay-color":"","overlay-opacity":"","overlay-gradient":""},"mobile":{"background-color":"","background-image":"","background-repeat":"repeat","background-position":"center center","background-size":"auto","background-attachment":"scroll","background-type":"","background-media":"","overlay-type":"","overlay-color":"","overlay-opacity":"","overlay-gradient":""}},"ast-content-background-meta":{"desktop":{"background-color":"var(--ast-global-color-5)","background-image":"","background-repeat":"repeat","background-position":"center center","background-size":"auto","background-attachment":"scroll","background-type":"","background-media":"","overlay-type":"","overlay-color":"","overlay-opacity":"","overlay-gradient":""},"tablet":{"background-color":"var(--ast-global-color-5)","background-image":"","background-repeat":"repeat","background-position":"center center","background-size":"auto","background-attachment":"scroll","background-type":"","background-media":"","overlay-type":"","overlay-color":"","overlay-opacity":"","overlay-gradient":""},"mobile":{"background-color":"var(--ast-global-color-5)","background-image":"","background-repeat":"repeat","background-position":"center center","background-size":"auto","background-attachment":"scroll","background-type":"","background-media":"","overlay-type":"","overlay-color":"","overlay-opacity":"","overlay-gradient":""}},"_vp_format_video_url":"","_vp_image_focal_point":[],"footnotes":""},"class_list":["post-1032","page","type-page","status-publish","has-post-thumbnail","hentry"],"_links":{"self":[{"href":"https:\/\/www.victor-veliz.com\/es\/wp-json\/wp\/v2\/pages\/1032","targetHints":{"allow":["GET"]}}],"collection":[{"href":"https:\/\/www.victor-veliz.com\/es\/wp-json\/wp\/v2\/pages"}],"about":[{"href":"https:\/\/www.victor-veliz.com\/es\/wp-json\/wp\/v2\/types\/page"}],"author":[{"embeddable":true,"href":"https:\/\/www.victor-veliz.com\/es\/wp-json\/wp\/v2\/users\/1"}],"replies":[{"embeddable":true,"href":"https:\/\/www.victor-veliz.com\/es\/wp-json\/wp\/v2\/comments?post=1032"}],"version-history":[{"count":10,"href":"https:\/\/www.victor-veliz.com\/es\/wp-json\/wp\/v2\/pages\/1032\/revisions"}],"predecessor-version":[{"id":1515,"href":"https:\/\/www.victor-veliz.com\/es\/wp-json\/wp\/v2\/pages\/1032\/revisions\/1515"}],"wp:featuredmedia":[{"embeddable":true,"href":"https:\/\/www.victor-veliz.com\/es\/wp-json\/wp\/v2\/media\/1033"}],"wp:attachment":[{"href":"https:\/\/www.victor-veliz.com\/es\/wp-json\/wp\/v2\/media?parent=1032"}],"curies":[{"name":"wp","href":"https:\/\/api.w.org\/{rel}","templated":true}]}}